{"id":7,"date":"2025-10-24T10:13:53","date_gmt":"2025-10-24T08:13:53","guid":{"rendered":"https:\/\/techdeco-tarbes.fr\/2025\/ARCIONI\/?page_id=7"},"modified":"2026-03-09T14:08:39","modified_gmt":"2026-03-09T13:08:39","slug":"accueil","status":"publish","type":"page","link":"https:\/\/techdeco-tarbes.fr\/2025\/ARCIONI\/","title":{"rendered":"Accueil"},"content":{"rendered":"\t\t<div data-elementor-type=\"wp-page\" data-elementor-id=\"7\" class=\"elementor elementor-7\">\n\t\t\t\t<div class=\"elementor-element elementor-element-a1d6582 e-flex e-con-boxed wpr-particle-no wpr-jarallax-no wpr-parallax-no wpr-sticky-section-no e-con e-parent\" data-id=\"a1d6582\" data-element_type=\"container\">\n\t\t\t\t\t<div class=\"e-con-inner\">\n\t\t\t\t<div class=\"elementor-element elementor-element-e99dbac elementor-widget elementor-widget-image\" data-id=\"e99dbac\" data-element_type=\"widget\" data-widget_type=\"image.default\">\n\t\t\t\t\t\t\t\t\t\t\t\t\t\t\t<img decoding=\"async\" src=\"https:\/\/techdeco-tarbes.fr\/2025\/ARCIONI\/wp-content\/plugins\/elementor\/assets\/images\/placeholder.png\" title=\"\" alt=\"\" loading=\"lazy\" \/>\t\t\t\t\t\t\t\t\t\t\t\t\t\t\t<\/div>\n\t\t\t\t\t<\/div>\n\t\t\t\t<\/div>\n\t\t<div class=\"elementor-element elementor-element-9723ac3 e-flex e-con-boxed wpr-particle-no wpr-jarallax-no wpr-parallax-no wpr-sticky-section-no e-con e-parent\" data-id=\"9723ac3\" data-element_type=\"container\" data-settings=\"{&quot;background_background&quot;:&quot;classic&quot;}\">\n\t\t\t\t\t<div class=\"e-con-inner\">\n\t\t<div class=\"elementor-element elementor-element-31bca86 e-con-full e-flex wpr-particle-no wpr-jarallax-no wpr-parallax-no wpr-sticky-section-no elementor-invisible e-con e-child\" data-id=\"31bca86\" data-element_type=\"container\" data-settings=\"{&quot;animation&quot;:&quot;fadeIn&quot;,&quot;background_background&quot;:&quot;classic&quot;}\">\n\t\t\t\t<div class=\"elementor-element elementor-element-f010a8c elementor-widget elementor-widget-heading\" data-id=\"f010a8c\" data-element_type=\"widget\" data-widget_type=\"heading.default\">\n\t\t\t\t\t<h2 class=\"elementor-heading-title elementor-size-default\">A propos de moi<\/h2>\t\t\t\t<\/div>\n\t\t\t\t<div class=\"elementor-element elementor-element-76d10b4 elementor-widget__width-initial elementor-widget elementor-widget-text-editor\" data-id=\"76d10b4\" data-element_type=\"widget\" data-widget_type=\"text-editor.default\">\n\t\t\t\t\t\t\t\t\t<p>Etudiante en BUT technique de commercialisation, j&rsquo;ai d\u00e9cid\u00e9 de me sp\u00e9cialiser dans le parcours business d\u00e9veloppement du management et de la relation client.\u00a0 Vivant entre for\u00eat, montagne et oc\u00e9an ces lieux me passionnent. Je fait preuve de cr\u00e9ativit\u00e9, de rigueur dans ce que j&rsquo;entreprend. Sans oublier que j\u2019aime d\u00e9couvrir et relever de nouveaux d\u00e9fis.<\/p>\t\t\t\t\t\t\t\t<\/div>\n\t\t\t\t<div class=\"elementor-element elementor-element-efee4eb elementor-align-left elementor-widget elementor-widget-button\" data-id=\"efee4eb\" data-element_type=\"widget\" data-widget_type=\"button.default\">\n\t\t\t\t\t\t\t\t\t\t<a class=\"elementor-button elementor-button-link elementor-size-sm elementor-animation-grow\" href=\"https:\/\/techdeco-tarbes.fr\/2025\/ARCIONI\/qui-suis-je\/\">\n\t\t\t\t\t\t<span class=\"elementor-button-content-wrapper\">\n\t\t\t\t\t\t\t\t\t<span class=\"elementor-button-text\">En savoir plus<\/span>\n\t\t\t\t\t<\/span>\n\t\t\t\t\t<\/a>\n\t\t\t\t\t\t\t\t<\/div>\n\t\t\t\t<\/div>\n\t\t\t\t<div class=\"elementor-element elementor-element-4911669 elementor-widget elementor-widget-image\" data-id=\"4911669\" data-element_type=\"widget\" data-widget_type=\"image.default\">\n\t\t\t\t\t\t\t\t\t\t\t\t\t\t\t<img decoding=\"async\" src=\"https:\/\/techdeco-tarbes.fr\/2025\/ARCIONI\/wp-content\/uploads\/elementor\/thumbs\/12cc130d-6493-43cc-8618-7593b07bcaa1-1-1-e1766611569972-rgn9vrpsgp8e7cscam639nsykfnrbp67ebt8ftb7hc.jpg\" title=\"12cc130d-6493-43cc-8618-7593b07bcaa1 (1)\" alt=\"12cc130d-6493-43cc-8618-7593b07bcaa1 (1)\" loading=\"lazy\" \/>\t\t\t\t\t\t\t\t\t\t\t\t\t\t\t<\/div>\n\t\t\t\t\t<\/div>\n\t\t\t\t<\/div>\n\t\t<div class=\"elementor-element elementor-element-a2131ee e-flex e-con-boxed wpr-particle-no wpr-jarallax-no wpr-parallax-no wpr-sticky-section-no e-con e-parent\" data-id=\"a2131ee\" data-element_type=\"container\" data-settings=\"{&quot;background_background&quot;:&quot;classic&quot;}\">\n\t\t\t\t\t<div class=\"e-con-inner\">\n\t\t\t\t<div class=\"elementor-element elementor-element-5170c27 elementor-widget elementor-widget-heading\" data-id=\"5170c27\" data-element_type=\"widget\" data-widget_type=\"heading.default\">\n\t\t\t\t\t<h2 class=\"elementor-heading-title elementor-size-default\">Mes principales comp\u00e9tences<\/h2>\t\t\t\t<\/div>\n\t\t<div class=\"elementor-element elementor-element-4bc5e59 e-con-full e-flex wpr-particle-no wpr-jarallax-no wpr-parallax-no wpr-sticky-section-no e-con e-child\" data-id=\"4bc5e59\" data-element_type=\"container\">\n\t\t<div class=\"elementor-element elementor-element-835dc70 e-con-full e-flex wpr-particle-no wpr-jarallax-no wpr-parallax-no wpr-sticky-section-no e-con e-child\" data-id=\"835dc70\" data-element_type=\"container\" data-settings=\"{&quot;background_background&quot;:&quot;classic&quot;}\">\n\t\t<div class=\"elementor-element elementor-element-f092115 e-con-full e-flex wpr-particle-no wpr-jarallax-no wpr-parallax-no wpr-sticky-section-no elementor-invisible e-con e-child\" data-id=\"f092115\" data-element_type=\"container\" data-settings=\"{&quot;background_background&quot;:&quot;classic&quot;,&quot;animation&quot;:&quot;fadeInUp&quot;}\">\n\t\t\t\t<div class=\"elementor-element elementor-element-018bf67 elementor-widget elementor-widget-heading\" data-id=\"018bf67\" data-element_type=\"widget\" data-widget_type=\"heading.default\">\n\t\t\t\t\t<h2 class=\"elementor-heading-title elementor-size-default\">Vente<\/h2>\t\t\t\t<\/div>\n\t\t<div class=\"elementor-element elementor-element-a644676 e-con-full e-flex wpr-particle-no wpr-jarallax-no wpr-parallax-no wpr-sticky-section-no e-con e-child\" data-id=\"a644676\" data-element_type=\"container\" data-settings=\"{&quot;background_background&quot;:&quot;classic&quot;}\">\n\t\t\t\t<div class=\"elementor-element elementor-element-68375bc elementor-widget elementor-widget-text-editor\" data-id=\"68375bc\" data-element_type=\"widget\" data-widget_type=\"text-editor.default\">\n\t\t\t\t\t\t\t\t\t<p>De part mes nombreuses et diverses exp\u00e9riences, j&rsquo;ai appris \u00e0 identifier les besoins des clients, tout en offrant un accueil chaleureux et des conseils personnalis\u00e9s, afin de fid\u00e9liser cette client\u00e8le. J&rsquo;ai su m\u2019adapter face aux situations impr\u00e9vues.\u00a0<\/p>\t\t\t\t\t\t\t\t<\/div>\n\t\t\t\t<div class=\"elementor-element elementor-element-efef013 elementor-align-center elementor-widget elementor-widget-button\" data-id=\"efef013\" data-element_type=\"widget\" data-widget_type=\"button.default\">\n\t\t\t\t\t\t\t\t\t\t<a class=\"elementor-button elementor-button-link elementor-size-sm elementor-animation-grow\" href=\"#\">\n\t\t\t\t\t\t<span class=\"elementor-button-content-wrapper\">\n\t\t\t\t\t\t\t\t\t<span class=\"elementor-button-text\">D\u00e9couvrir<\/span>\n\t\t\t\t\t<\/span>\n\t\t\t\t\t<\/a>\n\t\t\t\t\t\t\t\t<\/div>\n\t\t\t\t<\/div>\n\t\t\t\t<\/div>\n\t\t<div class=\"elementor-element elementor-element-4e9e061 e-con-full e-flex wpr-particle-no wpr-jarallax-no wpr-parallax-no wpr-sticky-section-no elementor-invisible e-con e-child\" data-id=\"4e9e061\" data-element_type=\"container\" data-settings=\"{&quot;background_background&quot;:&quot;classic&quot;,&quot;animation&quot;:&quot;fadeInUp&quot;}\">\n\t\t\t\t<div class=\"elementor-element elementor-element-5e0c8e7 elementor-widget elementor-widget-heading\" data-id=\"5e0c8e7\" data-element_type=\"widget\" data-widget_type=\"heading.default\">\n\t\t\t\t\t<h2 class=\"elementor-heading-title elementor-size-default\">Marketing<\/h2>\t\t\t\t<\/div>\n\t\t<div class=\"elementor-element elementor-element-3c17525 e-con-full e-flex wpr-particle-no wpr-jarallax-no wpr-parallax-no wpr-sticky-section-no e-con e-child\" data-id=\"3c17525\" data-element_type=\"container\" data-settings=\"{&quot;background_background&quot;:&quot;classic&quot;}\">\n\t\t\t\t<div class=\"elementor-element elementor-element-cec39f5 elementor-widget elementor-widget-text-editor\" data-id=\"cec39f5\" data-element_type=\"widget\" data-widget_type=\"text-editor.default\">\n\t\t\t\t\t\t\t\t\t<p>J&rsquo;ai eu l&rsquo;occasion de cr\u00e9er des contenus promotionnels attractifs pour mettre en avant des produits ou des \u00e9v\u00e9nements. Il a fallut que je m&rsquo; adapte \u00e0 une cible de client\u00e8le sp\u00e9cifique et analyser les r\u00e9sultats obtenues pour proposer des am\u00e9liorations.&nbsp;<\/p>\t\t\t\t\t\t\t\t<\/div>\n\t\t\t\t<div class=\"elementor-element elementor-element-0a0f31f elementor-align-center elementor-widget elementor-widget-button\" data-id=\"0a0f31f\" data-element_type=\"widget\" data-widget_type=\"button.default\">\n\t\t\t\t\t\t\t\t\t\t<a class=\"elementor-button elementor-button-link elementor-size-sm elementor-animation-grow\" href=\"#\">\n\t\t\t\t\t\t<span class=\"elementor-button-content-wrapper\">\n\t\t\t\t\t\t\t\t\t<span class=\"elementor-button-text\">D\u00e9couvrir<\/span>\n\t\t\t\t\t<\/span>\n\t\t\t\t\t<\/a>\n\t\t\t\t\t\t\t\t<\/div>\n\t\t\t\t<\/div>\n\t\t\t\t<\/div>\n\t\t<div class=\"elementor-element elementor-element-2ba3efd e-con-full e-flex wpr-particle-no wpr-jarallax-no wpr-parallax-no wpr-sticky-section-no elementor-invisible e-con e-child\" data-id=\"2ba3efd\" data-element_type=\"container\" data-settings=\"{&quot;background_background&quot;:&quot;classic&quot;,&quot;animation&quot;:&quot;fadeInUp&quot;}\">\n\t\t\t\t<div class=\"elementor-element elementor-element-b5ac5ea elementor-widget elementor-widget-heading\" data-id=\"b5ac5ea\" data-element_type=\"widget\" data-widget_type=\"heading.default\">\n\t\t\t\t\t<h2 class=\"elementor-heading-title elementor-size-default\">Communication<\/h2>\t\t\t\t<\/div>\n\t\t<div class=\"elementor-element elementor-element-3ecb9f4 e-con-full e-flex wpr-particle-no wpr-jarallax-no wpr-parallax-no wpr-sticky-section-no e-con e-child\" data-id=\"3ecb9f4\" data-element_type=\"container\" data-settings=\"{&quot;background_background&quot;:&quot;classic&quot;}\">\n\t\t\t\t<div class=\"elementor-element elementor-element-bfac6c6 elementor-widget elementor-widget-text-editor\" data-id=\"bfac6c6\" data-element_type=\"widget\" data-widget_type=\"text-editor.default\">\n\t\t\t\t\t\t\t\t\t<p>Dans mes diff\u00e9rentes exp\u00e9riences j&rsquo;ai appris \u00e0 animer les r\u00e9seaux sociaux et les points de ventes. Tout en veillant \u00e0 la coh\u00e9rence des messages et \u00e0 leur clart\u00e9, afin d\u2019assurer une communication efficace. La cr\u00e9ation de supports visuels contribuent \u00e0 la valorisation<\/p>\t\t\t\t\t\t\t\t<\/div>\n\t\t\t\t<div class=\"elementor-element elementor-element-8d605a1 elementor-align-center elementor-widget elementor-widget-button\" data-id=\"8d605a1\" data-element_type=\"widget\" data-widget_type=\"button.default\">\n\t\t\t\t\t\t\t\t\t\t<a class=\"elementor-button elementor-button-link elementor-size-sm elementor-animation-grow\" href=\"#\">\n\t\t\t\t\t\t<span class=\"elementor-button-content-wrapper\">\n\t\t\t\t\t\t\t\t\t<span class=\"elementor-button-text\">D\u00e9couvrir<\/span>\n\t\t\t\t\t<\/span>\n\t\t\t\t\t<\/a>\n\t\t\t\t\t\t\t\t<\/div>\n\t\t\t\t<\/div>\n\t\t\t\t<\/div>\n\t\t\t\t<\/div>\n\t\t\t\t<\/div>\n\t\t\t\t\t<\/div>\n\t\t\t\t<\/div>\n\t\t<div class=\"elementor-element elementor-element-b5d329d e-flex e-con-boxed wpr-particle-no wpr-jarallax-no wpr-parallax-no wpr-sticky-section-no e-con e-parent\" data-id=\"b5d329d\" data-element_type=\"container\" data-settings=\"{&quot;background_background&quot;:&quot;classic&quot;}\">\n\t\t\t\t\t<div class=\"e-con-inner\">\n\t\t\t\t<div class=\"elementor-element elementor-element-ff78ca6 elementor-widget elementor-widget-heading\" data-id=\"ff78ca6\" data-element_type=\"widget\" data-widget_type=\"heading.default\">\n\t\t\t\t\t<h2 class=\"elementor-heading-title elementor-size-default\">Mes exp\u00e9riences<\/h2>\t\t\t\t<\/div>\n\t\t<div class=\"elementor-element elementor-element-b580d2e e-con-full e-flex wpr-particle-no wpr-jarallax-no wpr-parallax-no wpr-sticky-section-no e-con e-child\" data-id=\"b580d2e\" data-element_type=\"container\">\n\t\t<div class=\"elementor-element elementor-element-7a227da e-con-full e-flex wpr-particle-no wpr-jarallax-no wpr-parallax-no wpr-sticky-section-no elementor-invisible e-con e-child\" data-id=\"7a227da\" data-element_type=\"container\" data-settings=\"{&quot;background_background&quot;:&quot;classic&quot;,&quot;animation&quot;:&quot;fadeInLeft&quot;}\">\n\t\t\t\t<div class=\"elementor-element elementor-element-8aeba79 elementor-widget elementor-widget-image\" data-id=\"8aeba79\" data-element_type=\"widget\" data-widget_type=\"image.default\">\n\t\t\t\t\t\t\t\t\t\t\t\t<figure class=\"wp-caption\">\n\t\t\t\t\t\t\t\t\t\t<img decoding=\"async\" src=\"https:\/\/techdeco-tarbes.fr\/2025\/ARCIONI\/wp-content\/uploads\/elementor\/thumbs\/IMG_5924-rglm1owqgsg3d0d49fgeo4my66dwclnkn599ywnnp4.jpg\" title=\"IMG_5924\" alt=\"IMG_5924\" loading=\"lazy\" \/>\t\t\t\t\t\t\t\t\t\t\t<figcaption class=\"widget-image-caption wp-caption-text\"><\/figcaption>\n\t\t\t\t\t\t\t\t\t\t<\/figure>\n\t\t\t\t\t\t\t\t\t<\/div>\n\t\t\t\t<div class=\"elementor-element elementor-element-a9a75dd elementor-align-center elementor-widget elementor-widget-button\" data-id=\"a9a75dd\" data-element_type=\"widget\" data-widget_type=\"button.default\">\n\t\t\t\t\t\t\t\t\t\t<a class=\"elementor-button elementor-button-link elementor-size-sm elementor-animation-grow\" href=\"#\">\n\t\t\t\t\t\t<span class=\"elementor-button-content-wrapper\">\n\t\t\t\t\t\t\t\t\t<span class=\"elementor-button-text\">Brulerie Lourdaise - Alternance<\/span>\n\t\t\t\t\t<\/span>\n\t\t\t\t\t<\/a>\n\t\t\t\t\t\t\t\t<\/div>\n\t\t\t\t<\/div>\n\t\t<div class=\"elementor-element elementor-element-680416c e-con-full e-flex wpr-particle-no wpr-jarallax-no wpr-parallax-no wpr-sticky-section-no elementor-invisible e-con e-child\" data-id=\"680416c\" data-element_type=\"container\" data-settings=\"{&quot;animation&quot;:&quot;fadeInLeft&quot;}\">\n\t\t\t\t<div class=\"elementor-element elementor-element-1bfc571 elementor-widget elementor-widget-image\" data-id=\"1bfc571\" data-element_type=\"widget\" data-widget_type=\"image.default\">\n\t\t\t\t\t\t\t\t\t\t\t\t\t\t\t<img decoding=\"async\" src=\"https:\/\/techdeco-tarbes.fr\/2025\/ARCIONI\/wp-content\/uploads\/elementor\/thumbs\/IMG_5196-rotated-rglm2g61yzhepp9iu98l6frbecnjjtnsew6cvxj8oo.jpg\" title=\"IMG_5196\" alt=\"IMG_5196\" loading=\"lazy\" \/>\t\t\t\t\t\t\t\t\t\t\t\t\t\t\t<\/div>\n\t\t\t\t<div class=\"elementor-element elementor-element-5495e74 elementor-align-center elementor-widget elementor-widget-button\" data-id=\"5495e74\" data-element_type=\"widget\" data-widget_type=\"button.default\">\n\t\t\t\t\t\t\t\t\t\t<a class=\"elementor-button elementor-button-link elementor-size-sm elementor-animation-grow\" href=\"#\">\n\t\t\t\t\t\t<span class=\"elementor-button-content-wrapper\">\n\t\t\t\t\t\t\t\t\t<span class=\"elementor-button-text\">Maison de M\u00e9zos - Emploi saisonnier<\/span>\n\t\t\t\t\t<\/span>\n\t\t\t\t\t<\/a>\n\t\t\t\t\t\t\t\t<\/div>\n\t\t\t\t<\/div>\n\t\t<div class=\"elementor-element elementor-element-8278914 e-con-full e-flex wpr-particle-no wpr-jarallax-no wpr-parallax-no wpr-sticky-section-no elementor-invisible e-con e-child\" data-id=\"8278914\" data-element_type=\"container\" data-settings=\"{&quot;animation&quot;:&quot;fadeInLeft&quot;}\">\n\t\t\t\t<div class=\"elementor-element elementor-element-eb0428b elementor-widget elementor-widget-image\" data-id=\"eb0428b\" data-element_type=\"widget\" data-widget_type=\"image.default\">\n\t\t\t\t\t\t\t\t\t\t\t\t\t\t\t<img decoding=\"async\" src=\"https:\/\/techdeco-tarbes.fr\/2025\/ARCIONI\/wp-content\/uploads\/elementor\/thumbs\/Capture-decran-.-2025-12-23-a-23.39.19-rglmlvhz7q2qnl1penj0pja9d0wmmms331jlxsqc3c.jpeg\" title=\"Capture d\u2019\u00e9cran\u00a0. 2025-12-23 \u00e0 23.39.19\" alt=\"Capture d\u2019\u00e9cran\u00a0. 2025-12-23 \u00e0 23.39.19\" loading=\"lazy\" \/>\t\t\t\t\t\t\t\t\t\t\t\t\t\t\t<\/div>\n\t\t\t\t<div class=\"elementor-element elementor-element-48ea175 elementor-align-center elementor-widget elementor-widget-button\" data-id=\"48ea175\" data-element_type=\"widget\" data-widget_type=\"button.default\">\n\t\t\t\t\t\t\t\t\t\t<a class=\"elementor-button elementor-button-link elementor-size-sm elementor-animation-grow\" href=\"#\">\n\t\t\t\t\t\t<span class=\"elementor-button-content-wrapper\">\n\t\t\t\t\t\t\t\t\t<span class=\"elementor-button-text\">Gloria cr\u00e9ation - Stage<\/span>\n\t\t\t\t\t<\/span>\n\t\t\t\t\t<\/a>\n\t\t\t\t\t\t\t\t<\/div>\n\t\t\t\t<\/div>\n\t\t\t\t<\/div>\n\t\t<div class=\"elementor-element elementor-element-9a667c5 e-con-full e-flex wpr-particle-no wpr-jarallax-no wpr-parallax-no wpr-sticky-section-no e-con e-child\" data-id=\"9a667c5\" data-element_type=\"container\">\n\t\t<div class=\"elementor-element elementor-element-5ee4d9e e-con-full e-flex wpr-particle-no wpr-jarallax-no wpr-parallax-no wpr-sticky-section-no elementor-invisible e-con e-child\" data-id=\"5ee4d9e\" data-element_type=\"container\" data-settings=\"{&quot;animation&quot;:&quot;fadeInLeft&quot;}\">\n\t\t\t\t<div class=\"elementor-element elementor-element-2cdee90 elementor-widget elementor-widget-image\" data-id=\"2cdee90\" data-element_type=\"widget\" data-widget_type=\"image.default\">\n\t\t\t\t\t\t\t\t\t\t\t\t\t\t\t<img decoding=\"async\" src=\"https:\/\/techdeco-tarbes.fr\/2025\/ARCIONI\/wp-content\/uploads\/elementor\/thumbs\/Capture-decran-.-2025-12-23-a-23.25.30-rglm3r5zgp9qu7d97tjxn3wd3m7w8oud9csmvrlk1k.jpeg\" title=\"Capture d\u2019\u00e9cran\u00a0. 2025-12-23 \u00e0 23.25.30\" alt=\"Capture d\u2019\u00e9cran\u00a0. 2025-12-23 \u00e0 23.25.30\" loading=\"lazy\" \/>\t\t\t\t\t\t\t\t\t\t\t\t\t\t\t<\/div>\n\t\t\t\t<div class=\"elementor-element elementor-element-ad18234 elementor-align-center elementor-widget elementor-widget-button\" data-id=\"ad18234\" data-element_type=\"widget\" data-widget_type=\"button.default\">\n\t\t\t\t\t\t\t\t\t\t<a class=\"elementor-button elementor-button-link elementor-size-sm elementor-animation-grow\" href=\"#\">\n\t\t\t\t\t\t<span class=\"elementor-button-content-wrapper\">\n\t\t\t\t\t\t\t\t\t<span class=\"elementor-button-text\">La Royale - Emploi saisonnier<\/span>\n\t\t\t\t\t<\/span>\n\t\t\t\t\t<\/a>\n\t\t\t\t\t\t\t\t<\/div>\n\t\t\t\t<\/div>\n\t\t<div class=\"elementor-element elementor-element-133b63a e-con-full e-flex wpr-particle-no wpr-jarallax-no wpr-parallax-no wpr-sticky-section-no elementor-invisible e-con e-child\" data-id=\"133b63a\" data-element_type=\"container\" data-settings=\"{&quot;animation&quot;:&quot;fadeInLeft&quot;}\">\n\t\t\t\t<div class=\"elementor-element elementor-element-1a0a834 elementor-widget elementor-widget-image\" data-id=\"1a0a834\" data-element_type=\"widget\" data-widget_type=\"image.default\">\n\t\t\t\t\t\t\t\t\t\t\t\t\t\t\t<img decoding=\"async\" src=\"https:\/\/techdeco-tarbes.fr\/2025\/ARCIONI\/wp-content\/uploads\/elementor\/thumbs\/8ebf62bf-1c50-4f7d-b628-bafc63c10c0b-rglmmf8l78trfe917e26nwaxu47c49yg5r8t0lx2go.jpg\" title=\"8ebf62bf-1c50-4f7d-b628-bafc63c10c0b\" alt=\"8ebf62bf-1c50-4f7d-b628-bafc63c10c0b\" loading=\"lazy\" \/>\t\t\t\t\t\t\t\t\t\t\t\t\t\t\t<\/div>\n\t\t\t\t<div class=\"elementor-element elementor-element-5311612 elementor-align-center elementor-widget elementor-widget-button\" data-id=\"5311612\" data-element_type=\"widget\" data-widget_type=\"button.default\">\n\t\t\t\t\t\t\t\t\t\t<a class=\"elementor-button elementor-button-link elementor-size-sm elementor-animation-grow\" href=\"#\">\n\t\t\t\t\t\t<span class=\"elementor-button-content-wrapper\">\n\t\t\t\t\t\t\t\t\t<span class=\"elementor-button-text\">Comit\u00e9 des f\u00eates de Onesse-Laharie - B\u00e9n\u00e9volat<\/span>\n\t\t\t\t\t<\/span>\n\t\t\t\t\t<\/a>\n\t\t\t\t\t\t\t\t<\/div>\n\t\t\t\t<\/div>\n\t\t<div class=\"elementor-element elementor-element-00cc989 e-con-full e-flex wpr-particle-no wpr-jarallax-no wpr-parallax-no wpr-sticky-section-no elementor-invisible e-con e-child\" data-id=\"00cc989\" data-element_type=\"container\" data-settings=\"{&quot;animation&quot;:&quot;fadeInLeft&quot;}\">\n\t\t\t\t<div class=\"elementor-element elementor-element-de02272 elementor-widget elementor-widget-image\" data-id=\"de02272\" data-element_type=\"widget\" data-widget_type=\"image.default\">\n\t\t\t\t\t\t\t\t\t\t\t\t\t\t\t<img decoding=\"async\" src=\"https:\/\/techdeco-tarbes.fr\/2025\/ARCIONI\/wp-content\/uploads\/elementor\/thumbs\/Capture-decran-.-2025-12-23-a-23.42.33-rglmmy1czxjhvlhq5m6q1rk5ptmoe812wcaim55708.jpeg\" title=\"Capture d\u2019\u00e9cran\u00a0. 2025-12-23 \u00e0 23.42.33\" alt=\"Capture d\u2019\u00e9cran\u00a0. 2025-12-23 \u00e0 23.42.33\" loading=\"lazy\" \/>\t\t\t\t\t\t\t\t\t\t\t\t\t\t\t<\/div>\n\t\t\t\t<div class=\"elementor-element elementor-element-8034fca elementor-align-center elementor-widget elementor-widget-button\" data-id=\"8034fca\" data-element_type=\"widget\" data-widget_type=\"button.default\">\n\t\t\t\t\t\t\t\t\t\t<a class=\"elementor-button elementor-button-link elementor-size-sm elementor-animation-grow\" href=\"#\">\n\t\t\t\t\t\t<span class=\"elementor-button-content-wrapper\">\n\t\t\t\t\t\t\t\t\t<span class=\"elementor-button-text\">Judo Club Onessois - B\u00e9n\u00e9volat<\/span>\n\t\t\t\t\t<\/span>\n\t\t\t\t\t<\/a>\n\t\t\t\t\t\t\t\t<\/div>\n\t\t\t\t<\/div>\n\t\t\t\t<\/div>\n\t\t\t\t\t<\/div>\n\t\t\t\t<\/div>\n\t\t\t\t<\/div>\n\t\t","protected":false},"excerpt":{"rendered":"<p>A propos de moi Etudiante en BUT technique de commercialisation, j&rsquo;ai d\u00e9cid\u00e9 de me sp\u00e9cialiser dans le parcours business d\u00e9veloppement du management et de la relation client.\u00a0 Vivant entre for\u00eat, montagne et oc\u00e9an ces lieux me passionnent. Je fait preuve de cr\u00e9ativit\u00e9, de rigueur dans ce que j&rsquo;entreprend. Sans oublier que j\u2019aime d\u00e9couvrir et relever de nouveaux d\u00e9fis. En savoir plus Mes principales comp\u00e9tences Vente De part mes nombreuses et diverses exp\u00e9riences, j&rsquo;ai appris \u00e0 identifier les besoins des clients, tout en offrant un accueil chaleureux et des conseils personnalis\u00e9s, afin de fid\u00e9liser cette client\u00e8le. J&rsquo;ai su m\u2019adapter face aux situations impr\u00e9vues.\u00a0 D\u00e9couvrir Marketing J&rsquo;ai eu l&rsquo;occasion de cr\u00e9er des contenus promotionnels attractifs pour mettre en avant des produits ou des \u00e9v\u00e9nements. Il a fallut que je m&rsquo; adapte \u00e0 une cible de client\u00e8le sp\u00e9cifique et analyser les r\u00e9sultats obtenues pour proposer des am\u00e9liorations.&nbsp; D\u00e9couvrir Communication Dans mes diff\u00e9rentes exp\u00e9riences j&rsquo;ai appris \u00e0 animer les r\u00e9seaux sociaux et les points de ventes. Tout en veillant \u00e0 la coh\u00e9rence des messages et \u00e0 leur clart\u00e9, afin d\u2019assurer une communication efficace. La cr\u00e9ation de supports visuels contribuent \u00e0 la valorisation D\u00e9couvrir Mes exp\u00e9riences Brulerie Lourdaise &#8211; Alternance Maison de M\u00e9zos &#8211; Emploi saisonnier Gloria cr\u00e9ation &#8211; Stage La Royale &#8211; Emploi saisonnier Comit\u00e9 des f\u00eates de Onesse-Laharie &#8211; B\u00e9n\u00e9volat Judo Club Onessois &#8211; B\u00e9n\u00e9volat<\/p>\n","protected":false},"author":1,"featured_media":0,"parent":0,"menu_order":0,"comment_status":"closed","ping_status":"closed","template":"","meta":{"footnotes":""},"class_list":["post-7","page","type-page","status-publish","hentry"],"_links":{"self":[{"href":"https:\/\/techdeco-tarbes.fr\/2025\/ARCIONI\/wp-json\/wp\/v2\/pages\/7","targetHints":{"allow":["GET"]}}],"collection":[{"href":"https:\/\/techdeco-tarbes.fr\/2025\/ARCIONI\/wp-json\/wp\/v2\/pages"}],"about":[{"href":"https:\/\/techdeco-tarbes.fr\/2025\/ARCIONI\/wp-json\/wp\/v2\/types\/page"}],"author":[{"embeddable":true,"href":"https:\/\/techdeco-tarbes.fr\/2025\/ARCIONI\/wp-json\/wp\/v2\/users\/1"}],"replies":[{"embeddable":true,"href":"https:\/\/techdeco-tarbes.fr\/2025\/ARCIONI\/wp-json\/wp\/v2\/comments?post=7"}],"version-history":[{"count":35,"href":"https:\/\/techdeco-tarbes.fr\/2025\/ARCIONI\/wp-json\/wp\/v2\/pages\/7\/revisions"}],"predecessor-version":[{"id":228,"href":"https:\/\/techdeco-tarbes.fr\/2025\/ARCIONI\/wp-json\/wp\/v2\/pages\/7\/revisions\/228"}],"wp:attachment":[{"href":"https:\/\/techdeco-tarbes.fr\/2025\/ARCIONI\/wp-json\/wp\/v2\/media?parent=7"}],"curies":[{"name":"wp","href":"https:\/\/api.w.org\/{rel}","templated":true}]}}