{"id":15,"date":"2025-10-24T11:40:21","date_gmt":"2025-10-24T09:40:21","guid":{"rendered":"https:\/\/techdeco-tarbes.fr\/2025\/BERRA\/?page_id=15"},"modified":"2026-02-10T11:24:21","modified_gmt":"2026-02-10T10:24:21","slug":"accueil","status":"publish","type":"page","link":"https:\/\/techdeco-tarbes.fr\/2025\/BERRA\/","title":{"rendered":"Accueil"},"content":{"rendered":"\t\t<div data-elementor-type=\"wp-page\" data-elementor-id=\"15\" class=\"elementor elementor-15\">\n\t\t\t\t<div class=\"elementor-element elementor-element-f34c218 e-con-full e-flex wpr-particle-no wpr-jarallax-no wpr-parallax-no wpr-sticky-section-no e-con e-parent\" data-id=\"f34c218\" data-element_type=\"container\" data-settings=\"{&quot;background_background&quot;:&quot;classic&quot;}\">\n\t\t<div class=\"elementor-element elementor-element-869356d e-con-full e-flex wpr-particle-no wpr-jarallax-no wpr-parallax-no wpr-sticky-section-no e-con e-child\" data-id=\"869356d\" data-element_type=\"container\">\n\t\t\t\t<div class=\"elementor-element elementor-element-636eb5a elementor-widget elementor-widget-image\" data-id=\"636eb5a\" data-element_type=\"widget\" data-widget_type=\"image.default\">\n\t\t\t\t\t\t\t\t\t\t\t\t\t\t\t<img fetchpriority=\"high\" decoding=\"async\" width=\"800\" height=\"817\" src=\"https:\/\/techdeco-tarbes.fr\/2025\/BERRA\/wp-content\/uploads\/2025\/12\/Capture-decran-2025-12-23-182925.png\" class=\"attachment-large size-large wp-image-217\" alt=\"\" srcset=\"https:\/\/techdeco-tarbes.fr\/2025\/BERRA\/wp-content\/uploads\/2025\/12\/Capture-decran-2025-12-23-182925.png 825w, https:\/\/techdeco-tarbes.fr\/2025\/BERRA\/wp-content\/uploads\/2025\/12\/Capture-decran-2025-12-23-182925-294x300.png 294w, https:\/\/techdeco-tarbes.fr\/2025\/BERRA\/wp-content\/uploads\/2025\/12\/Capture-decran-2025-12-23-182925-768x785.png 768w\" sizes=\"(max-width: 800px) 100vw, 800px\" \/>\t\t\t\t\t\t\t\t\t\t\t\t\t\t\t<\/div>\n\t\t\t\t<\/div>\n\t\t<div class=\"elementor-element elementor-element-a8c49f0 e-con-full e-flex wpr-particle-no wpr-jarallax-no wpr-parallax-no wpr-sticky-section-no e-con e-child\" data-id=\"a8c49f0\" data-element_type=\"container\">\n\t\t\t\t<div class=\"elementor-element elementor-element-010dc7d elementor-absolute elementor-widget elementor-widget-text-editor\" data-id=\"010dc7d\" data-element_type=\"widget\" data-settings=\"{&quot;_position&quot;:&quot;absolute&quot;}\" data-widget_type=\"text-editor.default\">\n\t\t\t\t\t\t\t\t\t<p dir=\"ltr\" style=\"line-height: 1.38; margin-top: 12pt; margin-bottom: 12pt;\"><strong><span style=\"font-size: 11pt; font-family: Arial, sans-serif; color: #000000; background-color: transparent; font-style: normal; font-variant: normal; text-decoration: none; vertical-align: baseline; white-space: pre-wrap;\">YOOOO !!!!<\/span><\/strong><\/p><p dir=\"ltr\" style=\"line-height: 1.38; margin-top: 12pt; margin-bottom: 12pt;\"><strong><span style=\"font-size: 11pt; font-family: Arial, sans-serif; color: #000000; background-color: transparent; font-style: normal; font-variant: normal; text-decoration: none; vertical-align: baseline; white-space: pre-wrap;\">Je m\u2019appelle <\/span><span style=\"font-size: 11pt; font-family: Arial, sans-serif; color: #000000; background-color: transparent; font-style: normal; font-variant: normal; text-decoration: none; vertical-align: baseline; white-space: pre-wrap;\">Elaia Berra<\/span><span style=\"font-size: 11pt; font-family: Arial, sans-serif; color: #000000; background-color: transparent; font-style: normal; font-variant: normal; text-decoration: none; vertical-align: baseline; white-space: pre-wrap;\">, j\u2019ai 20 ans et je suis \u00e9tudiante en <\/span><span style=\"font-size: 11pt; font-family: Arial, sans-serif; color: #000000; background-color: transparent; font-style: normal; font-variant: normal; text-decoration: none; vertical-align: baseline; white-space: pre-wrap;\">troisi\u00e8me ann\u00e9e de BUT Techniques de Commercialisation<\/span><span style=\"font-size: 11pt; font-family: Arial, sans-serif; color: #000000; background-color: transparent; font-style: normal; font-variant: normal; text-decoration: none; vertical-align: baseline; white-space: pre-wrap;\">, sp\u00e9cialis\u00e9e en <\/span><span style=\"font-size: 11pt; font-family: Arial, sans-serif; color: #000000; background-color: transparent; font-style: normal; font-variant: normal; text-decoration: none; vertical-align: baseline; white-space: pre-wrap;\">relation client<\/span><span style=\"font-size: 11pt; font-family: Arial, sans-serif; color: #000000; background-color: transparent; font-style: normal; font-variant: normal; text-decoration: none; vertical-align: baseline; white-space: pre-wrap;\">.<\/span><\/strong><\/p><p dir=\"ltr\"><strong>Actuellement en alternance chez la Maison Garat en tant qu&rsquo;assistante commerciale.<\/strong><\/p><p dir=\"ltr\" style=\"line-height: 1.38; margin-top: 12pt; margin-bottom: 12pt;\"><strong><span style=\"font-size: 11pt; font-family: Arial, sans-serif; color: #000000; background-color: transparent; font-style: normal; font-variant: normal; text-decoration: none; vertical-align: baseline; white-space: pre-wrap;\">Ce portfolio vous permet de d\u00e9couvrir mon parcours, mes exp\u00e9riences et les projets qui m\u2019animent.<\/span><\/strong><\/p>\t\t\t\t\t\t\t\t<\/div>\n\t\t\t\t<div class=\"elementor-element elementor-element-3fdb27f elementor-absolute elementor-widget elementor-widget-button\" data-id=\"3fdb27f\" data-element_type=\"widget\" data-settings=\"{&quot;_position&quot;:&quot;absolute&quot;}\" data-widget_type=\"button.default\">\n\t\t\t\t\t\t\t\t\t\t<a class=\"elementor-button elementor-button-link elementor-size-sm\" href=\"https:\/\/techdeco-tarbes.fr\/2025\/BERRA\/qui-suis-je\/\" target=\"_blank\">\n\t\t\t\t\t\t<span class=\"elementor-button-content-wrapper\">\n\t\t\t\t\t\t\t\t\t<span class=\"elementor-button-text\">VENEZ ME DECOUVRIR &gt;<\/span>\n\t\t\t\t\t<\/span>\n\t\t\t\t\t<\/a>\n\t\t\t\t\t\t\t\t<\/div>\n\t\t\t\t<\/div>\n\t\t\t\t<\/div>\n\t\t<div class=\"elementor-element elementor-element-7189a97 e-con-full e-flex wpr-particle-no wpr-jarallax-no wpr-parallax-no wpr-sticky-section-no e-con e-parent\" data-id=\"7189a97\" data-element_type=\"container\" data-settings=\"{&quot;background_background&quot;:&quot;classic&quot;}\">\n\t\t<div class=\"elementor-element elementor-element-48b3e59 e-con-full e-flex wpr-particle-no wpr-jarallax-no wpr-parallax-no wpr-sticky-section-no e-con e-child\" data-id=\"48b3e59\" data-element_type=\"container\">\n\t\t\t\t<div class=\"elementor-element elementor-element-15b7ec6 elementor-widget elementor-widget-image\" data-id=\"15b7ec6\" data-element_type=\"widget\" data-widget_type=\"image.default\">\n\t\t\t\t\t\t\t\t\t\t\t\t\t\t\t<img decoding=\"async\" width=\"750\" height=\"584\" src=\"https:\/\/techdeco-tarbes.fr\/2025\/BERRA\/wp-content\/uploads\/2025\/12\/Capture-decran-2025-12-23-233520.webp\" class=\"attachment-large size-large wp-image-306\" alt=\"\" srcset=\"https:\/\/techdeco-tarbes.fr\/2025\/BERRA\/wp-content\/uploads\/2025\/12\/Capture-decran-2025-12-23-233520.webp 750w, https:\/\/techdeco-tarbes.fr\/2025\/BERRA\/wp-content\/uploads\/2025\/12\/Capture-decran-2025-12-23-233520-300x234.webp 300w\" sizes=\"(max-width: 750px) 100vw, 750px\" \/>\t\t\t\t\t\t\t\t\t\t\t\t\t\t\t<\/div>\n\t\t\t\t<\/div>\n\t\t<div class=\"elementor-element elementor-element-177fe04 e-con-full e-flex wpr-particle-no wpr-jarallax-no wpr-parallax-no wpr-sticky-section-no e-con e-child\" data-id=\"177fe04\" data-element_type=\"container\">\n\t\t\t\t<div class=\"elementor-element elementor-element-fdf2980 elementor-absolute elementor-widget elementor-widget-image\" data-id=\"fdf2980\" data-element_type=\"widget\" data-settings=\"{&quot;_position&quot;:&quot;absolute&quot;}\" data-widget_type=\"image.default\">\n\t\t\t\t\t\t\t\t\t\t\t\t\t\t\t<img decoding=\"async\" width=\"360\" height=\"104\" src=\"https:\/\/techdeco-tarbes.fr\/2025\/BERRA\/wp-content\/uploads\/2025\/12\/Capture-decran-2025-12-23-232512.webp\" class=\"attachment-large size-large wp-image-304\" alt=\"\" srcset=\"https:\/\/techdeco-tarbes.fr\/2025\/BERRA\/wp-content\/uploads\/2025\/12\/Capture-decran-2025-12-23-232512.webp 360w, https:\/\/techdeco-tarbes.fr\/2025\/BERRA\/wp-content\/uploads\/2025\/12\/Capture-decran-2025-12-23-232512-300x87.webp 300w\" sizes=\"(max-width: 360px) 100vw, 360px\" \/>\t\t\t\t\t\t\t\t\t\t\t\t\t\t\t<\/div>\n\t\t\t\t<div class=\"elementor-element elementor-element-04bb82d elementor-absolute elementor-widget elementor-widget-button\" data-id=\"04bb82d\" data-element_type=\"widget\" data-settings=\"{&quot;_position&quot;:&quot;absolute&quot;}\" data-widget_type=\"button.default\">\n\t\t\t\t\t\t\t\t\t\t<a class=\"elementor-button elementor-button-link elementor-size-sm\" href=\"https:\/\/techdeco-tarbes.fr\/2025\/BERRA\/experience\/\">\n\t\t\t\t\t\t<span class=\"elementor-button-content-wrapper\">\n\t\t\t\t\t\t\t\t\t<span class=\"elementor-button-text\">DECOUVREZ LES ICI &gt;<\/span>\n\t\t\t\t\t<\/span>\n\t\t\t\t\t<\/a>\n\t\t\t\t\t\t\t\t<\/div>\n\t\t\t\t<\/div>\n\t\t\t\t<\/div>\n\t\t<div class=\"elementor-element elementor-element-cbd51cc e-con-full e-flex wpr-particle-no wpr-jarallax-no wpr-parallax-no wpr-sticky-section-no e-con e-parent\" data-id=\"cbd51cc\" data-element_type=\"container\" data-settings=\"{&quot;background_background&quot;:&quot;classic&quot;}\">\n\t\t\t\t<div class=\"elementor-element elementor-element-c69874c elementor-arrows-position-inside elementor-pagination-position-outside elementor-widget elementor-widget-image-carousel\" data-id=\"c69874c\" data-element_type=\"widget\" data-settings=\"{&quot;navigation&quot;:&quot;both&quot;,&quot;autoplay&quot;:&quot;yes&quot;,&quot;pause_on_hover&quot;:&quot;yes&quot;,&quot;pause_on_interaction&quot;:&quot;yes&quot;,&quot;autoplay_speed&quot;:5000,&quot;infinite&quot;:&quot;yes&quot;,&quot;speed&quot;:500}\" data-widget_type=\"image-carousel.default\">\n\t\t\t\t\t\t\t<div class=\"elementor-image-carousel-wrapper swiper\" role=\"region\" aria-roledescription=\"carousel\" aria-label=\"Carrousel d\u2019images\" dir=\"ltr\">\n\t\t\t<div class=\"elementor-image-carousel swiper-wrapper swiper-image-stretch\" aria-live=\"off\">\n\t\t\t\t\t\t\t\t<div class=\"swiper-slide\" role=\"group\" aria-roledescription=\"slide\" aria-label=\"1 sur 13\"><figure class=\"swiper-slide-inner\"><img decoding=\"async\" class=\"swiper-slide-image\" src=\"https:\/\/techdeco-tarbes.fr\/2025\/BERRA\/wp-content\/uploads\/elementor\/thumbs\/IMG_7162-scaled-rglk8zollmb9fvd9kpl0cek0gjbah0cgkszkhe5qz4.jpg\" alt=\"IMG_7162\" \/><\/figure><\/div><div class=\"swiper-slide\" role=\"group\" aria-roledescription=\"slide\" aria-label=\"2 sur 13\"><figure class=\"swiper-slide-inner\"><img decoding=\"async\" class=\"swiper-slide-image\" src=\"https:\/\/techdeco-tarbes.fr\/2025\/BERRA\/wp-content\/uploads\/elementor\/thumbs\/Capture-decran-2025-12-22-224657-1-rglk9jf7l52a7okldg46arkoxmlzynitniork7chcg.webp\" alt=\"Capture d&#039;\u00e9cran 2025-12-22 224657\" \/><\/figure><\/div><div class=\"swiper-slide\" role=\"group\" aria-roledescription=\"slide\" aria-label=\"3 sur 13\"><figure class=\"swiper-slide-inner\"><img decoding=\"async\" class=\"swiper-slide-image\" src=\"https:\/\/techdeco-tarbes.fr\/2025\/BERRA\/wp-content\/uploads\/elementor\/thumbs\/IMG_3848-rglkbbc8hvhs55zr07qt0bg1btuyi2kkkb1s70pplc.webp\" alt=\"IMG_3848\" \/><\/figure><\/div><div class=\"swiper-slide\" role=\"group\" aria-roledescription=\"slide\" aria-label=\"4 sur 13\"><figure class=\"swiper-slide-inner\"><img decoding=\"async\" class=\"swiper-slide-image\" src=\"https:\/\/techdeco-tarbes.fr\/2025\/BERRA\/wp-content\/uploads\/elementor\/thumbs\/Capture-decran-2025-12-22-223829-rgjtc3ohwtumd18uxp74bxvrcunvccw6in8rb4bzrk.png\" alt=\"Capture d&#039;\u00e9cran 2025-12-22 223829\" \/><\/figure><\/div><div class=\"swiper-slide\" role=\"group\" aria-roledescription=\"slide\" aria-label=\"5 sur 13\"><figure class=\"swiper-slide-inner\"><img decoding=\"async\" class=\"swiper-slide-image\" src=\"https:\/\/techdeco-tarbes.fr\/2025\/BERRA\/wp-content\/uploads\/elementor\/thumbs\/Capture-decran-2025-12-22-225648-rgjtwt2igg703t6515e9r7safelxwc3bp4ksvjmspc.png\" alt=\"Capture d&#039;\u00e9cran 2025-12-22 225648\" \/><\/figure><\/div><div class=\"swiper-slide\" role=\"group\" aria-roledescription=\"slide\" aria-label=\"6 sur 13\"><figure class=\"swiper-slide-inner\"><img decoding=\"async\" class=\"swiper-slide-image\" src=\"https:\/\/techdeco-tarbes.fr\/2025\/BERRA\/wp-content\/uploads\/elementor\/thumbs\/Capture-decran-2025-12-22-224538-1-rglk9ds6g4uka0ssadoevszxdbdsogwfmqruojkuds.webp\" alt=\"Capture d&#039;\u00e9cran 2025-12-22 224538\" \/><\/figure><\/div><div class=\"swiper-slide\" role=\"group\" aria-roledescription=\"slide\" aria-label=\"7 sur 13\"><figure class=\"swiper-slide-inner\"><img decoding=\"async\" class=\"swiper-slide-image\" src=\"https:\/\/techdeco-tarbes.fr\/2025\/BERRA\/wp-content\/uploads\/elementor\/thumbs\/Capture-decran-2025-12-22-223710-rgjtc2qnpztc1fa836shrg4argsi4nsg6il9tuddxs.png\" alt=\"Capture d&#039;\u00e9cran 2025-12-22 223710\" \/><\/figure><\/div><div class=\"swiper-slide\" role=\"group\" aria-roledescription=\"slide\" aria-label=\"8 sur 13\"><figure class=\"swiper-slide-inner\"><img decoding=\"async\" class=\"swiper-slide-image\" src=\"https:\/\/techdeco-tarbes.fr\/2025\/BERRA\/wp-content\/uploads\/elementor\/thumbs\/FullSizeRender-scaled-rgjoyqj7qcfgn7tsu6ene5gn3kanol5xvrdbwfnrgw.jpg\" alt=\"FullSizeRender\" \/><\/figure><\/div><div class=\"swiper-slide\" role=\"group\" aria-roledescription=\"slide\" aria-label=\"9 sur 13\"><figure class=\"swiper-slide-inner\"><img decoding=\"async\" class=\"swiper-slide-image\" src=\"https:\/\/techdeco-tarbes.fr\/2025\/BERRA\/wp-content\/uploads\/elementor\/thumbs\/Capture-decran-2025-12-22-223906-rgjtc4mc3nvwon7hs7lqwfn7y8j8k1zwurw8seallc.png\" alt=\"Capture d&#039;\u00e9cran 2025-12-22 223906\" \/><\/figure><\/div><div class=\"swiper-slide\" role=\"group\" aria-roledescription=\"slide\" aria-label=\"10 sur 13\"><figure class=\"swiper-slide-inner\"><img decoding=\"async\" class=\"swiper-slide-image\" src=\"https:\/\/techdeco-tarbes.fr\/2025\/BERRA\/wp-content\/uploads\/elementor\/thumbs\/Capture-decran-2025-12-22-224035-rgjtc6i0hbyhbv4rh8f01f65509yzg7dj177qy7t8w.png\" alt=\"Capture d&#039;\u00e9cran 2025-12-22 224035\" \/><\/figure><\/div><div class=\"swiper-slide\" role=\"group\" aria-roledescription=\"slide\" aria-label=\"11 sur 13\"><figure class=\"swiper-slide-inner\"><img decoding=\"async\" class=\"swiper-slide-image\" src=\"https:\/\/techdeco-tarbes.fr\/2025\/BERRA\/wp-content\/uploads\/elementor\/thumbs\/Capture-decran-2025-12-22-224006-rgjtc6i0hbyhbv4rh8f01f65509yzg7dj177qy7t8w.png\" alt=\"Capture d&#039;\u00e9cran 2025-12-22 224006\" \/><\/figure><\/div><div class=\"swiper-slide\" role=\"group\" aria-roledescription=\"slide\" aria-label=\"12 sur 13\"><figure class=\"swiper-slide-inner\"><img decoding=\"async\" class=\"swiper-slide-image\" src=\"https:\/\/techdeco-tarbes.fr\/2025\/BERRA\/wp-content\/uploads\/elementor\/thumbs\/Capture-decran-2025-12-22-224235-rgjtc9bj1u2cap0o0rmvqwgix5w2mjikjf5o6s3mq8.png\" alt=\"Capture d&#039;\u00e9cran 2025-12-22 224235\" \/><\/figure><\/div><div class=\"swiper-slide\" role=\"group\" aria-roledescription=\"slide\" aria-label=\"13 sur 13\"><figure class=\"swiper-slide-inner\"><img decoding=\"async\" class=\"swiper-slide-image\" src=\"https:\/\/techdeco-tarbes.fr\/2025\/BERRA\/wp-content\/uploads\/elementor\/thumbs\/IMG_4318-scaled-rglk8wv3147eh1hd16d4mx9modp6tx19kf141k9xhs.jpg\" alt=\"IMG_4318\" \/><\/figure><\/div>\t\t\t<\/div>\n\t\t\t\t\t\t\t\t\t\t\t\t<div class=\"elementor-swiper-button elementor-swiper-button-prev\" role=\"button\" tabindex=\"0\">\n\t\t\t\t\t\t<svg aria-hidden=\"true\" class=\"e-font-icon-svg e-eicon-chevron-left\" viewBox=\"0 0 1000 1000\" xmlns=\"http:\/\/www.w3.org\/2000\/svg\"><path d=\"M646 125C629 125 613 133 604 142L308 442C296 454 292 471 292 487 292 504 296 521 308 533L604 854C617 867 629 875 646 875 663 875 679 871 692 858 704 846 713 829 713 812 713 796 708 779 692 767L438 487 692 225C700 217 708 204 708 187 708 171 704 154 692 142 675 129 663 125 646 125Z\"><\/path><\/svg>\t\t\t\t\t<\/div>\n\t\t\t\t\t<div class=\"elementor-swiper-button elementor-swiper-button-next\" role=\"button\" tabindex=\"0\">\n\t\t\t\t\t\t<svg aria-hidden=\"true\" class=\"e-font-icon-svg e-eicon-chevron-right\" viewBox=\"0 0 1000 1000\" xmlns=\"http:\/\/www.w3.org\/2000\/svg\"><path d=\"M696 533C708 521 713 504 713 487 713 471 708 454 696 446L400 146C388 133 375 125 354 125 338 125 325 129 313 142 300 154 292 171 292 187 292 204 296 221 308 233L563 492 304 771C292 783 288 800 288 817 288 833 296 850 308 863 321 871 338 875 354 875 371 875 388 867 400 854L696 533Z\"><\/path><\/svg>\t\t\t\t\t<\/div>\n\t\t\t\t\n\t\t\t\t\t\t\t\t\t<div class=\"swiper-pagination\"><\/div>\n\t\t\t\t\t\t\t\t\t<\/div>\n\t\t\t\t\t\t<\/div>\n\t\t\t\t<\/div>\n\t\t<div class=\"elementor-element elementor-element-521cea0 e-con-full e-flex wpr-particle-no wpr-jarallax-no wpr-parallax-no wpr-sticky-section-no e-con e-parent\" data-id=\"521cea0\" data-element_type=\"container\" data-settings=\"{&quot;background_background&quot;:&quot;classic&quot;}\">\n\t\t\t\t<div class=\"elementor-element elementor-element-98ba756 elementor-widget elementor-widget-text-editor\" data-id=\"98ba756\" data-element_type=\"widget\" data-widget_type=\"text-editor.default\">\n\t\t\t\t\t\t\t\t\t<p>\u00ab\u00a0\u00catre soi-m\u00eame dans un monde qui tente constamment de te changer est le plus grand accomplissement.\u00a0\u00bb<\/p>\t\t\t\t\t\t\t\t<\/div>\n\t\t\t\t<\/div>\n\t\t<div class=\"elementor-element elementor-element-3a1f5c7 e-flex e-con-boxed wpr-particle-no wpr-jarallax-no wpr-parallax-no wpr-sticky-section-no e-con e-parent\" data-id=\"3a1f5c7\" data-element_type=\"container\" data-settings=\"{&quot;background_background&quot;:&quot;classic&quot;}\">\n\t\t\t\t\t<div class=\"e-con-inner\">\n\t\t\t\t\t<\/div>\n\t\t\t\t<\/div>\n\t\t<div class=\"elementor-element elementor-element-69e19d9 e-flex e-con-boxed wpr-particle-no wpr-jarallax-no wpr-parallax-no wpr-sticky-section-no e-con e-parent\" data-id=\"69e19d9\" data-element_type=\"container\" data-settings=\"{&quot;background_background&quot;:&quot;classic&quot;}\">\n\t\t\t\t\t<div class=\"e-con-inner\">\n\t\t<div class=\"elementor-element elementor-element-ed3b0f7 e-con-full e-flex wpr-particle-no wpr-jarallax-no wpr-parallax-no wpr-sticky-section-no e-con e-child\" data-id=\"ed3b0f7\" data-element_type=\"container\">\n\t\t\t\t<div class=\"elementor-element elementor-element-0754d3a elementor-widget elementor-widget-heading\" data-id=\"0754d3a\" data-element_type=\"widget\" data-widget_type=\"heading.default\">\n\t\t\t\t\t<h2 class=\"elementor-heading-title elementor-size-default\">07.83.79.09.68<\/h2>\t\t\t\t<\/div>\n\t\t\t\t<div class=\"elementor-element elementor-element-a90aa4c elementor-absolute elementor-view-default elementor-widget elementor-widget-icon\" data-id=\"a90aa4c\" data-element_type=\"widget\" data-settings=\"{&quot;_position&quot;:&quot;absolute&quot;}\" data-widget_type=\"icon.default\">\n\t\t\t\t\t\t\t<div class=\"elementor-icon-wrapper\">\n\t\t\t<div class=\"elementor-icon\">\n\t\t\t<svg aria-hidden=\"true\" class=\"e-font-icon-svg e-fas-phone-alt\" viewBox=\"0 0 512 512\" xmlns=\"http:\/\/www.w3.org\/2000\/svg\"><path d=\"M497.39 361.8l-112-48a24 24 0 0 0-28 6.9l-49.6 60.6A370.66 370.66 0 0 1 130.6 204.11l60.6-49.6a23.94 23.94 0 0 0 6.9-28l-48-112A24.16 24.16 0 0 0 122.6.61l-104 24A24 24 0 0 0 0 48c0 256.5 207.9 464 464 464a24 24 0 0 0 23.4-18.6l24-104a24.29 24.29 0 0 0-14.01-27.6z\"><\/path><\/svg>\t\t\t<\/div>\n\t\t<\/div>\n\t\t\t\t\t\t<\/div>\n\t\t\t\t<\/div>\n\t\t<div class=\"elementor-element elementor-element-e7515d5 e-con-full e-flex wpr-particle-no wpr-jarallax-no wpr-parallax-no wpr-sticky-section-no e-con e-child\" data-id=\"e7515d5\" data-element_type=\"container\">\n\t\t\t\t<div class=\"elementor-element elementor-element-ecabd44 elementor-widget elementor-widget-heading\" data-id=\"ecabd44\" data-element_type=\"widget\" data-widget_type=\"heading.default\">\n\t\t\t\t\t<h2 class=\"elementor-heading-title elementor-size-default\">elaia.berra@iut-tarbes.fr<\/h2>\t\t\t\t<\/div>\n\t\t\t\t<div class=\"elementor-element elementor-element-0702359 elementor-absolute elementor-view-default elementor-widget elementor-widget-icon\" data-id=\"0702359\" data-element_type=\"widget\" data-settings=\"{&quot;_position&quot;:&quot;absolute&quot;}\" data-widget_type=\"icon.default\">\n\t\t\t\t\t\t\t<div class=\"elementor-icon-wrapper\">\n\t\t\t<div class=\"elementor-icon\">\n\t\t\t<svg aria-hidden=\"true\" class=\"e-font-icon-svg e-fas-mail-bulk\" viewBox=\"0 0 576 512\" xmlns=\"http:\/\/www.w3.org\/2000\/svg\"><path d=\"M160 448c-25.6 0-51.2-22.4-64-32-64-44.8-83.2-60.8-96-70.4V480c0 17.67 14.33 32 32 32h256c17.67 0 32-14.33 32-32V345.6c-12.8 9.6-32 25.6-96 70.4-12.8 9.6-38.4 32-64 32zm128-192H32c-17.67 0-32 14.33-32 32v16c25.6 19.2 22.4 19.2 115.2 86.4 9.6 6.4 28.8 25.6 44.8 25.6s35.2-19.2 44.8-22.4c92.8-67.2 89.6-67.2 115.2-86.4V288c0-17.67-14.33-32-32-32zm256-96H224c-17.67 0-32 14.33-32 32v32h96c33.21 0 60.59 25.42 63.71 57.82l.29-.22V416h192c17.67 0 32-14.33 32-32V192c0-17.67-14.33-32-32-32zm-32 128h-64v-64h64v64zm-352-96c0-35.29 28.71-64 64-64h224V32c0-17.67-14.33-32-32-32H96C78.33 0 64 14.33 64 32v192h96v-32z\"><\/path><\/svg>\t\t\t<\/div>\n\t\t<\/div>\n\t\t\t\t\t\t<\/div>\n\t\t\t\t<\/div>\n\t\t\t\t\t<\/div>\n\t\t\t\t<\/div>\n\t\t<div class=\"elementor-element elementor-element-6365e04 e-flex e-con-boxed wpr-particle-no wpr-jarallax-no wpr-parallax-no wpr-sticky-section-no e-con e-parent\" data-id=\"6365e04\" data-element_type=\"container\" data-settings=\"{&quot;background_background&quot;:&quot;classic&quot;}\">\n\t\t\t\t\t<div class=\"e-con-inner\">\n\t\t\t\t<div class=\"elementor-element elementor-element-1319361 elementor-widget elementor-widget-google_maps\" data-id=\"1319361\" data-element_type=\"widget\" data-widget_type=\"google_maps.default\">\n\t\t\t\t\t\t\t<div class=\"elementor-custom-embed\">\n\t\t\t<iframe loading=\"lazy\"\n\t\t\t\t\tsrc=\"https:\/\/maps.google.com\/maps?q=saint%20jean%20de%20luz&#038;t=m&#038;z=9&#038;output=embed&#038;iwloc=near\"\n\t\t\t\t\ttitle=\"saint jean de luz\"\n\t\t\t\t\taria-label=\"saint jean de luz\"\n\t\t\t><\/iframe>\n\t\t<\/div>\n\t\t\t\t\t\t<\/div>\n\t\t\t\t\t<\/div>\n\t\t\t\t<\/div>\n\t\t<div class=\"elementor-element elementor-element-eec933e e-flex e-con-boxed wpr-particle-no wpr-jarallax-no wpr-parallax-no wpr-sticky-section-no e-con e-parent\" data-id=\"eec933e\" data-element_type=\"container\">\n\t\t\t\t\t<div class=\"e-con-inner\">\n\t\t\t\t\t<\/div>\n\t\t\t\t<\/div>\n\t\t\t\t<\/div>\n\t\t","protected":false},"excerpt":{"rendered":"<p>YOOOO !!!! Je m\u2019appelle Elaia Berra, j\u2019ai 20 ans et je suis \u00e9tudiante en troisi\u00e8me ann\u00e9e de BUT Techniques de Commercialisation, sp\u00e9cialis\u00e9e en relation client. Actuellement en alternance chez la Maison Garat en tant qu&rsquo;assistante commerciale. Ce portfolio vous permet de d\u00e9couvrir mon parcours, mes exp\u00e9riences et les projets qui m\u2019animent. VENEZ ME DECOUVRIR &gt; DECOUVREZ LES ICI &gt; \u00ab\u00a0\u00catre soi-m\u00eame dans un monde qui tente constamment de te changer est le plus grand accomplissement.\u00a0\u00bb 07.83.79.09.68 elaia.berra@iut-tarbes.fr<\/p>\n","protected":false},"author":1,"featured_media":0,"parent":0,"menu_order":0,"comment_status":"closed","ping_status":"closed","template":"","meta":{"footnotes":""},"class_list":["post-15","page","type-page","status-publish","hentry"],"_links":{"self":[{"href":"https:\/\/techdeco-tarbes.fr\/2025\/BERRA\/wp-json\/wp\/v2\/pages\/15","targetHints":{"allow":["GET"]}}],"collection":[{"href":"https:\/\/techdeco-tarbes.fr\/2025\/BERRA\/wp-json\/wp\/v2\/pages"}],"about":[{"href":"https:\/\/techdeco-tarbes.fr\/2025\/BERRA\/wp-json\/wp\/v2\/types\/page"}],"author":[{"embeddable":true,"href":"https:\/\/techdeco-tarbes.fr\/2025\/BERRA\/wp-json\/wp\/v2\/users\/1"}],"replies":[{"embeddable":true,"href":"https:\/\/techdeco-tarbes.fr\/2025\/BERRA\/wp-json\/wp\/v2\/comments?post=15"}],"version-history":[{"count":69,"href":"https:\/\/techdeco-tarbes.fr\/2025\/BERRA\/wp-json\/wp\/v2\/pages\/15\/revisions"}],"predecessor-version":[{"id":433,"href":"https:\/\/techdeco-tarbes.fr\/2025\/BERRA\/wp-json\/wp\/v2\/pages\/15\/revisions\/433"}],"wp:attachment":[{"href":"https:\/\/techdeco-tarbes.fr\/2025\/BERRA\/wp-json\/wp\/v2\/media?parent=15"}],"curies":[{"name":"wp","href":"https:\/\/api.w.org\/{rel}","templated":true}]}}