{"id":7,"date":"2025-10-24T11:34:58","date_gmt":"2025-10-24T09:34:58","guid":{"rendered":"https:\/\/techdeco-tarbes.fr\/2025\/CAZETTE\/?page_id=7"},"modified":"2026-02-25T15:42:36","modified_gmt":"2026-02-25T14:42:36","slug":"accueil","status":"publish","type":"page","link":"https:\/\/techdeco-tarbes.fr\/2025\/CAZETTE\/","title":{"rendered":"Accueil"},"content":{"rendered":"\t\t<div data-elementor-type=\"wp-page\" data-elementor-id=\"7\" class=\"elementor elementor-7\">\n\t\t\t\t<div class=\"elementor-element elementor-element-e9910d5 e-flex e-con-boxed wpr-particle-no wpr-jarallax-no wpr-parallax-no wpr-sticky-section-no e-con e-parent\" data-id=\"e9910d5\" data-element_type=\"container\" data-settings=\"{&quot;background_background&quot;:&quot;classic&quot;}\">\n\t\t\t\t\t<div class=\"e-con-inner\">\n\t\t<div class=\"elementor-element elementor-element-3856f2e e-con-full e-flex wpr-particle-no wpr-jarallax-no wpr-parallax-no wpr-sticky-section-no e-con e-child\" data-id=\"3856f2e\" data-element_type=\"container\" data-settings=\"{&quot;background_background&quot;:&quot;classic&quot;}\">\n\t\t\t\t<div class=\"elementor-element elementor-element-1c4cc83 elementor-widget elementor-widget-heading\" data-id=\"1c4cc83\" data-element_type=\"widget\" data-widget_type=\"heading.default\">\n\t\t\t\t\t<h2 class=\"elementor-heading-title elementor-size-default\">Pierre CAZETTE<\/h2>\t\t\t\t<\/div>\n\t\t\t\t<div class=\"elementor-element elementor-element-a6c2b9b elementor-widget elementor-widget-text-editor\" data-id=\"a6c2b9b\" data-element_type=\"widget\" data-widget_type=\"text-editor.default\">\n\t\t\t\t\t\t\t\t\t<p style=\"text-align: center;\">\u00c9tudiant en 3\u1d49 ann\u00e9e de BUT Techniques de Commercialisation, en alternance au Cr\u00e9dit Agricole.<\/p><p style=\"text-align: center;\">Orient\u00e9 relation client et d\u00e9veloppement commercial.<\/p><div>\u00a0<\/div>\t\t\t\t\t\t\t\t<\/div>\n\t\t\t\t<div class=\"elementor-element elementor-element-5797ae1 elementor-widget elementor-widget-button\" data-id=\"5797ae1\" data-element_type=\"widget\" data-widget_type=\"button.default\">\n\t\t\t\t\t\t\t\t\t\t<a class=\"elementor-button elementor-button-link elementor-size-sm\" href=\"https:\/\/techdeco-tarbes.fr\/2025\/CAZETTE\/wp-content\/uploads\/2025\/12\/CAZETTE-Pierre.pdf\" target=\"_blank\">\n\t\t\t\t\t\t<span class=\"elementor-button-content-wrapper\">\n\t\t\t\t\t\t\t\t\t<span class=\"elementor-button-text\">Voir mon CV<\/span>\n\t\t\t\t\t<\/span>\n\t\t\t\t\t<\/a>\n\t\t\t\t\t\t\t\t<\/div>\n\t\t\t\t<\/div>\n\t\t<div class=\"elementor-element elementor-element-9765462 e-con-full e-flex wpr-particle-no wpr-jarallax-no wpr-parallax-no wpr-sticky-section-no e-con e-child\" data-id=\"9765462\" data-element_type=\"container\">\n\t\t\t\t<div class=\"elementor-element elementor-element-23780db elementor-widget elementor-widget-image\" data-id=\"23780db\" data-element_type=\"widget\" data-widget_type=\"image.default\">\n\t\t\t\t\t\t\t\t\t\t\t\t\t\t\t<img fetchpriority=\"high\" decoding=\"async\" width=\"1170\" height=\"1718\" src=\"https:\/\/techdeco-tarbes.fr\/2025\/CAZETTE\/wp-content\/uploads\/2025\/11\/IMG_5714.jpg\" class=\"attachment-full size-full wp-image-18\" alt=\"\" srcset=\"https:\/\/techdeco-tarbes.fr\/2025\/CAZETTE\/wp-content\/uploads\/2025\/11\/IMG_5714.jpg 1170w, https:\/\/techdeco-tarbes.fr\/2025\/CAZETTE\/wp-content\/uploads\/2025\/11\/IMG_5714-204x300.jpg 204w, https:\/\/techdeco-tarbes.fr\/2025\/CAZETTE\/wp-content\/uploads\/2025\/11\/IMG_5714-697x1024.jpg 697w, https:\/\/techdeco-tarbes.fr\/2025\/CAZETTE\/wp-content\/uploads\/2025\/11\/IMG_5714-768x1128.jpg 768w, https:\/\/techdeco-tarbes.fr\/2025\/CAZETTE\/wp-content\/uploads\/2025\/11\/IMG_5714-1046x1536.jpg 1046w\" sizes=\"(max-width: 1170px) 100vw, 1170px\" \/>\t\t\t\t\t\t\t\t\t\t\t\t\t\t\t<\/div>\n\t\t\t\t<\/div>\n\t\t\t\t\t<\/div>\n\t\t\t\t<\/div>\n\t\t<div class=\"elementor-element elementor-element-dfe46aa e-flex e-con-boxed wpr-particle-no wpr-jarallax-no wpr-parallax-no wpr-sticky-section-no e-con e-parent\" data-id=\"dfe46aa\" data-element_type=\"container\" data-settings=\"{&quot;background_background&quot;:&quot;classic&quot;}\">\n\t\t\t\t\t<div class=\"e-con-inner\">\n\t\t<div class=\"elementor-element elementor-element-5569d61 e-con-full e-flex wpr-particle-no wpr-jarallax-no wpr-parallax-no wpr-sticky-section-no e-con e-child\" data-id=\"5569d61\" data-element_type=\"container\">\n\t\t\t\t<div class=\"elementor-element elementor-element-a4d14ec elementor-widget elementor-widget-heading\" data-id=\"a4d14ec\" data-element_type=\"widget\" data-widget_type=\"heading.default\">\n\t\t\t\t\t<h2 class=\"elementor-heading-title elementor-size-default\">Mon parcours professionnel<\/h2>\t\t\t\t<\/div>\n\t\t<div class=\"elementor-element elementor-element-047bc3d e-con-full e-flex wpr-particle-no wpr-jarallax-no wpr-parallax-no wpr-sticky-section-no e-con e-child\" data-id=\"047bc3d\" data-element_type=\"container\">\n\t\t\t\t<div class=\"elementor-element elementor-element-864f2dd elementor-widget elementor-widget-image\" data-id=\"864f2dd\" data-element_type=\"widget\" data-widget_type=\"image.default\">\n\t\t\t\t\t\t\t\t\t\t\t\t\t\t\t<img decoding=\"async\" width=\"1080\" height=\"1350\" src=\"https:\/\/techdeco-tarbes.fr\/2025\/CAZETTE\/wp-content\/uploads\/2026\/02\/8.png\" class=\"attachment-full size-full wp-image-176\" alt=\"\" srcset=\"https:\/\/techdeco-tarbes.fr\/2025\/CAZETTE\/wp-content\/uploads\/2026\/02\/8.png 1080w, https:\/\/techdeco-tarbes.fr\/2025\/CAZETTE\/wp-content\/uploads\/2026\/02\/8-240x300.png 240w, https:\/\/techdeco-tarbes.fr\/2025\/CAZETTE\/wp-content\/uploads\/2026\/02\/8-819x1024.png 819w, https:\/\/techdeco-tarbes.fr\/2025\/CAZETTE\/wp-content\/uploads\/2026\/02\/8-768x960.png 768w\" sizes=\"(max-width: 1080px) 100vw, 1080px\" \/>\t\t\t\t\t\t\t\t\t\t\t\t\t\t\t<\/div>\n\t\t\t\t<div class=\"elementor-element elementor-element-0a7f385 elementor-widget elementor-widget-image\" data-id=\"0a7f385\" data-element_type=\"widget\" data-widget_type=\"image.default\">\n\t\t\t\t\t\t\t\t\t\t\t\t\t\t\t<img decoding=\"async\" width=\"1080\" height=\"1350\" src=\"https:\/\/techdeco-tarbes.fr\/2025\/CAZETTE\/wp-content\/uploads\/2026\/02\/7.png\" class=\"attachment-full size-full wp-image-175\" alt=\"\" srcset=\"https:\/\/techdeco-tarbes.fr\/2025\/CAZETTE\/wp-content\/uploads\/2026\/02\/7.png 1080w, https:\/\/techdeco-tarbes.fr\/2025\/CAZETTE\/wp-content\/uploads\/2026\/02\/7-240x300.png 240w, https:\/\/techdeco-tarbes.fr\/2025\/CAZETTE\/wp-content\/uploads\/2026\/02\/7-819x1024.png 819w, https:\/\/techdeco-tarbes.fr\/2025\/CAZETTE\/wp-content\/uploads\/2026\/02\/7-768x960.png 768w\" sizes=\"(max-width: 1080px) 100vw, 1080px\" \/>\t\t\t\t\t\t\t\t\t\t\t\t\t\t\t<\/div>\n\t\t\t\t<div class=\"elementor-element elementor-element-0fc4932 elementor-widget elementor-widget-image\" data-id=\"0fc4932\" data-element_type=\"widget\" data-widget_type=\"image.default\">\n\t\t\t\t\t\t\t\t\t\t\t\t\t\t\t<img loading=\"lazy\" decoding=\"async\" width=\"1080\" height=\"1350\" src=\"https:\/\/techdeco-tarbes.fr\/2025\/CAZETTE\/wp-content\/uploads\/2026\/02\/9.png\" class=\"attachment-full size-full wp-image-177\" alt=\"\" srcset=\"https:\/\/techdeco-tarbes.fr\/2025\/CAZETTE\/wp-content\/uploads\/2026\/02\/9.png 1080w, https:\/\/techdeco-tarbes.fr\/2025\/CAZETTE\/wp-content\/uploads\/2026\/02\/9-240x300.png 240w, https:\/\/techdeco-tarbes.fr\/2025\/CAZETTE\/wp-content\/uploads\/2026\/02\/9-819x1024.png 819w, https:\/\/techdeco-tarbes.fr\/2025\/CAZETTE\/wp-content\/uploads\/2026\/02\/9-768x960.png 768w\" sizes=\"(max-width: 1080px) 100vw, 1080px\" \/>\t\t\t\t\t\t\t\t\t\t\t\t\t\t\t<\/div>\n\t\t\t\t<\/div>\n\t\t\t\t<div class=\"elementor-element elementor-element-8e8d46b elementor-widget elementor-widget-text-editor\" data-id=\"8e8d46b\" data-element_type=\"widget\" data-widget_type=\"text-editor.default\">\n\t\t\t\t\t\t\t\t\t<p>Ces exp\u00e9riences ont fa\u00e7onn\u00e9 mon parcours professionnel.<\/p>\t\t\t\t\t\t\t\t<\/div>\n\t\t\t\t<div class=\"elementor-element elementor-element-7a0dafc elementor-widget elementor-widget-button\" data-id=\"7a0dafc\" data-element_type=\"widget\" data-widget_type=\"button.default\">\n\t\t\t\t\t\t\t\t\t\t<a class=\"elementor-button elementor-button-link elementor-size-sm\" href=\"https:\/\/techdeco-tarbes.fr\/2025\/CAZETTE\/mes-experiences\/?preview_id=112&#038;preview_nonce=3b485b5bb0&#038;preview=true\">\n\t\t\t\t\t\t<span class=\"elementor-button-content-wrapper\">\n\t\t\t\t\t\t\t\t\t<span class=\"elementor-button-text\">En savoir plus<\/span>\n\t\t\t\t\t<\/span>\n\t\t\t\t\t<\/a>\n\t\t\t\t\t\t\t\t<\/div>\n\t\t\t\t<\/div>\n\t\t<div class=\"elementor-element elementor-element-fa39879 e-con-full e-flex wpr-particle-no wpr-jarallax-no wpr-parallax-no wpr-sticky-section-no e-con e-child\" data-id=\"fa39879\" data-element_type=\"container\">\n\t\t\t\t<div class=\"elementor-element elementor-element-a6aee59 elementor-widget elementor-widget-heading\" data-id=\"a6aee59\" data-element_type=\"widget\" data-widget_type=\"heading.default\">\n\t\t\t\t\t<h2 class=\"elementor-heading-title elementor-size-default\">Mes comp\u00e9tences<\/h2>\t\t\t\t<\/div>\n\t\t<div class=\"elementor-element elementor-element-5475d81 e-con-full e-flex wpr-particle-no wpr-jarallax-no wpr-parallax-no wpr-sticky-section-no e-con e-child\" data-id=\"5475d81\" data-element_type=\"container\">\n\t\t\t\t<div class=\"elementor-element elementor-element-9d1868d elementor-widget elementor-widget-image\" data-id=\"9d1868d\" data-element_type=\"widget\" data-widget_type=\"image.default\">\n\t\t\t\t\t\t\t\t\t\t\t\t\t\t\t<img loading=\"lazy\" decoding=\"async\" width=\"1080\" height=\"1350\" src=\"https:\/\/techdeco-tarbes.fr\/2025\/CAZETTE\/wp-content\/uploads\/2026\/02\/1.png\" class=\"attachment-full size-full wp-image-182\" alt=\"\" srcset=\"https:\/\/techdeco-tarbes.fr\/2025\/CAZETTE\/wp-content\/uploads\/2026\/02\/1.png 1080w, https:\/\/techdeco-tarbes.fr\/2025\/CAZETTE\/wp-content\/uploads\/2026\/02\/1-240x300.png 240w, https:\/\/techdeco-tarbes.fr\/2025\/CAZETTE\/wp-content\/uploads\/2026\/02\/1-819x1024.png 819w, https:\/\/techdeco-tarbes.fr\/2025\/CAZETTE\/wp-content\/uploads\/2026\/02\/1-768x960.png 768w\" sizes=\"(max-width: 1080px) 100vw, 1080px\" \/>\t\t\t\t\t\t\t\t\t\t\t\t\t\t\t<\/div>\n\t\t\t\t<div class=\"elementor-element elementor-element-badeb6e elementor-widget elementor-widget-image\" data-id=\"badeb6e\" data-element_type=\"widget\" data-widget_type=\"image.default\">\n\t\t\t\t\t\t\t\t\t\t\t\t\t\t\t<img loading=\"lazy\" decoding=\"async\" width=\"1080\" height=\"1350\" src=\"https:\/\/techdeco-tarbes.fr\/2025\/CAZETTE\/wp-content\/uploads\/2026\/02\/2.png\" class=\"attachment-full size-full wp-image-183\" alt=\"\" srcset=\"https:\/\/techdeco-tarbes.fr\/2025\/CAZETTE\/wp-content\/uploads\/2026\/02\/2.png 1080w, https:\/\/techdeco-tarbes.fr\/2025\/CAZETTE\/wp-content\/uploads\/2026\/02\/2-240x300.png 240w, https:\/\/techdeco-tarbes.fr\/2025\/CAZETTE\/wp-content\/uploads\/2026\/02\/2-819x1024.png 819w, https:\/\/techdeco-tarbes.fr\/2025\/CAZETTE\/wp-content\/uploads\/2026\/02\/2-768x960.png 768w\" sizes=\"(max-width: 1080px) 100vw, 1080px\" \/>\t\t\t\t\t\t\t\t\t\t\t\t\t\t\t<\/div>\n\t\t\t\t<div class=\"elementor-element elementor-element-5cce28f elementor-widget elementor-widget-image\" data-id=\"5cce28f\" data-element_type=\"widget\" data-widget_type=\"image.default\">\n\t\t\t\t\t\t\t\t\t\t\t\t\t\t\t<img loading=\"lazy\" decoding=\"async\" width=\"1080\" height=\"1350\" src=\"https:\/\/techdeco-tarbes.fr\/2025\/CAZETTE\/wp-content\/uploads\/2026\/02\/3.png\" class=\"attachment-full size-full wp-image-184\" alt=\"\" srcset=\"https:\/\/techdeco-tarbes.fr\/2025\/CAZETTE\/wp-content\/uploads\/2026\/02\/3.png 1080w, https:\/\/techdeco-tarbes.fr\/2025\/CAZETTE\/wp-content\/uploads\/2026\/02\/3-240x300.png 240w, https:\/\/techdeco-tarbes.fr\/2025\/CAZETTE\/wp-content\/uploads\/2026\/02\/3-819x1024.png 819w, https:\/\/techdeco-tarbes.fr\/2025\/CAZETTE\/wp-content\/uploads\/2026\/02\/3-768x960.png 768w\" sizes=\"(max-width: 1080px) 100vw, 1080px\" \/>\t\t\t\t\t\t\t\t\t\t\t\t\t\t\t<\/div>\n\t\t\t\t<\/div>\n\t\t\t\t<div class=\"elementor-element elementor-element-3231bb7 elementor-widget elementor-widget-text-editor\" data-id=\"3231bb7\" data-element_type=\"widget\" data-widget_type=\"text-editor.default\">\n\t\t\t\t\t\t\t\t\t<p>Des comp\u00e9tences au service de vos projets.<\/p>\t\t\t\t\t\t\t\t<\/div>\n\t\t\t\t<div class=\"elementor-element elementor-element-74784c1 elementor-widget elementor-widget-button\" data-id=\"74784c1\" data-element_type=\"widget\" data-widget_type=\"button.default\">\n\t\t\t\t\t\t\t\t\t\t<a class=\"elementor-button elementor-button-link elementor-size-sm\" href=\"#\">\n\t\t\t\t\t\t<span class=\"elementor-button-content-wrapper\">\n\t\t\t\t\t\t\t\t\t<span class=\"elementor-button-text\">D\u00e9couvrir mes comp\u00e9tences<\/span>\n\t\t\t\t\t<\/span>\n\t\t\t\t\t<\/a>\n\t\t\t\t\t\t\t\t<\/div>\n\t\t\t\t<\/div>\n\t\t\t\t\t<\/div>\n\t\t\t\t<\/div>\n\t\t<div class=\"elementor-element elementor-element-ad846bb e-flex e-con-boxed wpr-particle-no wpr-jarallax-no wpr-parallax-no wpr-sticky-section-no e-con e-parent\" data-id=\"ad846bb\" data-element_type=\"container\" data-settings=\"{&quot;background_background&quot;:&quot;classic&quot;}\">\n\t\t\t\t\t<div class=\"e-con-inner\">\n\t\t\t\t<div class=\"elementor-element elementor-element-1838a70 elementor-widget elementor-widget-heading\" data-id=\"1838a70\" data-element_type=\"widget\" data-widget_type=\"heading.default\">\n\t\t\t\t\t<h2 class=\"elementor-heading-title elementor-size-default\">Mes Loisirs <\/h2>\t\t\t\t<\/div>\n\t\t<div class=\"elementor-element elementor-element-5c18dcd e-con-full e-flex wpr-particle-no wpr-jarallax-no wpr-parallax-no wpr-sticky-section-no e-con e-child\" data-id=\"5c18dcd\" data-element_type=\"container\" data-settings=\"{&quot;background_background&quot;:&quot;classic&quot;}\">\n\t\t\t\t<div class=\"elementor-element elementor-element-5967cff elementor-widget__width-initial elementor-widget elementor-widget-text-editor\" data-id=\"5967cff\" data-element_type=\"widget\" data-widget_type=\"text-editor.default\">\n\t\t\t\t\t\t\t\t\t<p style=\"text-align: center;\">Investi dans le rugby et pr\u00e9sident d\u2019un comit\u00e9 des f\u00eates, j\u2019aime m\u2019impliquer dans la vie locale tout en profitant des moments pass\u00e9s en pleine nature.<\/p>\t\t\t\t\t\t\t\t<\/div>\n\t\t<div class=\"elementor-element elementor-element-a11c46c e-con-full e-flex wpr-particle-no wpr-jarallax-no wpr-parallax-no wpr-sticky-section-no e-con e-child\" data-id=\"a11c46c\" data-element_type=\"container\">\n\t\t<div class=\"elementor-element elementor-element-0c504d1 e-con-full e-flex wpr-particle-no wpr-jarallax-no wpr-parallax-no wpr-sticky-section-no e-con e-child\" data-id=\"0c504d1\" data-element_type=\"container\" data-settings=\"{&quot;background_background&quot;:&quot;classic&quot;}\">\n\t\t\t\t<div class=\"elementor-element elementor-element-6c19f7b elementor-widget elementor-widget-image\" data-id=\"6c19f7b\" data-element_type=\"widget\" data-widget_type=\"image.default\">\n\t\t\t\t\t\t\t\t\t\t\t\t\t\t\t<img decoding=\"async\" src=\"https:\/\/techdeco-tarbes.fr\/2025\/CAZETTE\/wp-content\/uploads\/elementor\/thumbs\/IMG_5774-rjaj0zil772a5ajs8dcashwla11627v1ye9iplua0w.jpg\" title=\"IMG_5774\" alt=\"IMG_5774\" loading=\"lazy\" \/>\t\t\t\t\t\t\t\t\t\t\t\t\t\t\t<\/div>\n\t\t\t\t<div class=\"elementor-element elementor-element-19a36fd elementor-widget elementor-widget-image\" data-id=\"19a36fd\" data-element_type=\"widget\" data-widget_type=\"image.default\">\n\t\t\t\t\t\t\t\t\t\t\t\t\t\t\t<img decoding=\"async\" src=\"https:\/\/techdeco-tarbes.fr\/2025\/CAZETTE\/wp-content\/uploads\/elementor\/thumbs\/a8484fd3-c057-4dac-9001-907076a0eb34-rjaj11e9kv4usih1xe5jxhfigsrwhm2imnkho5rhog.jpg\" title=\"a8484fd3-c057-4dac-9001-907076a0eb34\" alt=\"a8484fd3-c057-4dac-9001-907076a0eb34\" loading=\"lazy\" \/>\t\t\t\t\t\t\t\t\t\t\t\t\t\t\t<\/div>\n\t\t\t\t<\/div>\n\t\t<div class=\"elementor-element elementor-element-fc59023 e-con-full e-flex wpr-particle-no wpr-jarallax-no wpr-parallax-no wpr-sticky-section-no e-con e-child\" data-id=\"fc59023\" data-element_type=\"container\">\n\t\t\t\t<div class=\"elementor-element elementor-element-27fc91c elementor-widget elementor-widget-image\" data-id=\"27fc91c\" data-element_type=\"widget\" data-widget_type=\"image.default\">\n\t\t\t\t\t\t\t\t\t\t\t\t\t\t\t<img loading=\"lazy\" decoding=\"async\" width=\"692\" height=\"1024\" src=\"https:\/\/techdeco-tarbes.fr\/2025\/CAZETTE\/wp-content\/uploads\/2026\/02\/IMG_4836-692x1024.jpg\" class=\"attachment-large size-large wp-image-220\" alt=\"\" srcset=\"https:\/\/techdeco-tarbes.fr\/2025\/CAZETTE\/wp-content\/uploads\/2026\/02\/IMG_4836-692x1024.jpg 692w, https:\/\/techdeco-tarbes.fr\/2025\/CAZETTE\/wp-content\/uploads\/2026\/02\/IMG_4836-203x300.jpg 203w, https:\/\/techdeco-tarbes.fr\/2025\/CAZETTE\/wp-content\/uploads\/2026\/02\/IMG_4836-768x1137.jpg 768w, https:\/\/techdeco-tarbes.fr\/2025\/CAZETTE\/wp-content\/uploads\/2026\/02\/IMG_4836-1038x1536.jpg 1038w, https:\/\/techdeco-tarbes.fr\/2025\/CAZETTE\/wp-content\/uploads\/2026\/02\/IMG_4836.jpg 1169w\" sizes=\"(max-width: 692px) 100vw, 692px\" \/>\t\t\t\t\t\t\t\t\t\t\t\t\t\t\t<\/div>\n\t\t\t\t<div class=\"elementor-element elementor-element-d66e0f9 elementor-widget elementor-widget-image\" data-id=\"d66e0f9\" data-element_type=\"widget\" data-widget_type=\"image.default\">\n\t\t\t\t\t\t\t\t\t\t\t\t\t\t\t<img loading=\"lazy\" decoding=\"async\" width=\"683\" height=\"1024\" src=\"https:\/\/techdeco-tarbes.fr\/2025\/CAZETTE\/wp-content\/uploads\/2026\/02\/IMG_6114-e1771340785361-683x1024.jpg\" class=\"attachment-large size-large wp-image-223\" alt=\"\" srcset=\"https:\/\/techdeco-tarbes.fr\/2025\/CAZETTE\/wp-content\/uploads\/2026\/02\/IMG_6114-e1771340785361-683x1024.jpg 683w, https:\/\/techdeco-tarbes.fr\/2025\/CAZETTE\/wp-content\/uploads\/2026\/02\/IMG_6114-e1771340785361-200x300.jpg 200w, https:\/\/techdeco-tarbes.fr\/2025\/CAZETTE\/wp-content\/uploads\/2026\/02\/IMG_6114-e1771340785361-768x1152.jpg 768w, https:\/\/techdeco-tarbes.fr\/2025\/CAZETTE\/wp-content\/uploads\/2026\/02\/IMG_6114-e1771340785361-1024x1536.jpg 1024w\" sizes=\"(max-width: 683px) 100vw, 683px\" \/>\t\t\t\t\t\t\t\t\t\t\t\t\t\t\t<\/div>\n\t\t\t\t<\/div>\n\t\t\t\t<\/div>\n\t\t\t\t<\/div>\n\t\t\t\t\t<\/div>\n\t\t\t\t<\/div>\n\t\t\t\t<\/div>\n\t\t","protected":false},"excerpt":{"rendered":"<p>Pierre CAZETTE \u00c9tudiant en 3\u1d49 ann\u00e9e de BUT Techniques de Commercialisation, en alternance au Cr\u00e9dit Agricole. Orient\u00e9 relation client et d\u00e9veloppement commercial. \u00a0 Voir mon CV Mon parcours professionnel Ces exp\u00e9riences ont fa\u00e7onn\u00e9 mon parcours professionnel. En savoir plus Mes comp\u00e9tences Des comp\u00e9tences au service de vos projets. D\u00e9couvrir mes comp\u00e9tences Mes Loisirs Investi dans le rugby et pr\u00e9sident d\u2019un comit\u00e9 des f\u00eates, j\u2019aime m\u2019impliquer dans la vie locale tout en profitant des moments pass\u00e9s en pleine nature.<\/p>\n","protected":false},"author":1,"featured_media":0,"parent":0,"menu_order":0,"comment_status":"closed","ping_status":"closed","template":"","meta":{"footnotes":""},"class_list":["post-7","page","type-page","status-publish","hentry"],"_links":{"self":[{"href":"https:\/\/techdeco-tarbes.fr\/2025\/CAZETTE\/wp-json\/wp\/v2\/pages\/7","targetHints":{"allow":["GET"]}}],"collection":[{"href":"https:\/\/techdeco-tarbes.fr\/2025\/CAZETTE\/wp-json\/wp\/v2\/pages"}],"about":[{"href":"https:\/\/techdeco-tarbes.fr\/2025\/CAZETTE\/wp-json\/wp\/v2\/types\/page"}],"author":[{"embeddable":true,"href":"https:\/\/techdeco-tarbes.fr\/2025\/CAZETTE\/wp-json\/wp\/v2\/users\/1"}],"replies":[{"embeddable":true,"href":"https:\/\/techdeco-tarbes.fr\/2025\/CAZETTE\/wp-json\/wp\/v2\/comments?post=7"}],"version-history":[{"count":109,"href":"https:\/\/techdeco-tarbes.fr\/2025\/CAZETTE\/wp-json\/wp\/v2\/pages\/7\/revisions"}],"predecessor-version":[{"id":238,"href":"https:\/\/techdeco-tarbes.fr\/2025\/CAZETTE\/wp-json\/wp\/v2\/pages\/7\/revisions\/238"}],"wp:attachment":[{"href":"https:\/\/techdeco-tarbes.fr\/2025\/CAZETTE\/wp-json\/wp\/v2\/media?parent=7"}],"curies":[{"name":"wp","href":"https:\/\/api.w.org\/{rel}","templated":true}]}}