{"id":29,"date":"2025-11-14T11:49:06","date_gmt":"2025-11-14T10:49:06","guid":{"rendered":"https:\/\/techdeco-tarbes.fr\/2025\/FAURIE\/?page_id=29"},"modified":"2026-04-04T12:11:56","modified_gmt":"2026-04-04T10:11:56","slug":"qui-suis-je","status":"publish","type":"page","link":"https:\/\/techdeco-tarbes.fr\/2025\/FAURIE\/qui-suis-je\/","title":{"rendered":"A propos de moi ?"},"content":{"rendered":"\t\t<div data-elementor-type=\"wp-page\" data-elementor-id=\"29\" class=\"elementor elementor-29\">\n\t\t\t\t<div class=\"elementor-element elementor-element-2f47f1f e-flex e-con-boxed wpr-particle-no wpr-jarallax-no wpr-parallax-no wpr-sticky-section-no e-con e-parent\" data-id=\"2f47f1f\" data-element_type=\"container\" data-settings=\"{&quot;background_background&quot;:&quot;classic&quot;}\">\n\t\t\t\t\t<div class=\"e-con-inner\">\n\t\t\t\t<div class=\"elementor-element elementor-element-07efa6d elementor-widget elementor-widget-heading\" data-id=\"07efa6d\" data-element_type=\"widget\" data-widget_type=\"heading.default\">\n\t\t\t\t\t<h2 class=\"elementor-heading-title elementor-size-default\">Mon parcours<\/h2>\t\t\t\t<\/div>\n\t\t\t\t\t<\/div>\n\t\t\t\t<\/div>\n\t\t<div class=\"elementor-element elementor-element-a5fa6a3 e-flex e-con-boxed wpr-particle-no wpr-jarallax-no wpr-parallax-no wpr-sticky-section-no e-con e-parent\" data-id=\"a5fa6a3\" data-element_type=\"container\" data-settings=\"{&quot;background_background&quot;:&quot;classic&quot;}\">\n\t\t\t\t\t<div class=\"e-con-inner\">\n\t\t\t\t<div class=\"elementor-element elementor-element-9760ccc wpr-list-style-none elementor-widget elementor-widget-wpr-posts-timeline\" data-id=\"9760ccc\" data-element_type=\"widget\" data-settings=\"{&quot;animation_offset&quot;:150,&quot;aos_animation_duration&quot;:600}\" data-widget_type=\"wpr-posts-timeline.default\">\n\t\t\t\t\t\n\t\t<div class=\"wpr-wrapper wpr-vertical wpr-centered\">\n\t\t\t<div class=\"wpr-timeline-centered wpr-line wpr-both-sided-timeline\"><div class=\"wpr-middle-line\"><\/div><div class=\"wpr-timeline-fill\" data-layout=\"centered\"><\/div><span class=\"wpr-year-wrap\"><span class=\"wpr-year-label wpr-year\">2016<\/span><\/span><article class=\"wpr-timeline-entry wpr-left-aligned elementor-repeater-item-5fa16ed\" data-item-id=\"elementor-repeater-item-5fa16ed\"><time class=\"wpr-extra-label\" data-aos=\"fade\" data-aos-left=\"\" data-aos-right=\"\" data-animation-offset=\"150\" data-animation-duration=\"600\"><span class=\"wpr-label\">2016 - 2020<\/span><\/time><div class=\"wpr-timeline-entry-inner\"><div class=\"wpr-main-line-icon wpr-icon\"><i aria-hidden=\"true\" class=\"far fa-flag\"><\/i><\/div><div class=\"wpr-story-info-vertical wpr-data-wrap \"  data-aos=\"fade\" data-aos-left=\"\" data-aos-right=\"\" data-animation-offset=\"150\" data-animation-duration=\"600\"><div class=\"wpr-timeline-content-wrapper\"><div class=\"wpr-content-wrapper\"><p class=\"wpr-title-wrap\"><span class=\"wpr-title\">Coll\u00e8ge Pablo Picasso - Frouzins<\/span><\/p><\/div><\/div><div class=\"wpr-animation-wrap wpr-timeline-media\"><img fetchpriority=\"high\" decoding=\"async\" width=\"885\" height=\"500\" src=\"https:\/\/techdeco-tarbes.fr\/2025\/FAURIE\/wp-content\/uploads\/2026\/02\/image.jpg\" class=\"attachment-full size-full\" alt=\"\" srcset=\"https:\/\/techdeco-tarbes.fr\/2025\/FAURIE\/wp-content\/uploads\/2026\/02\/image.jpg 885w, https:\/\/techdeco-tarbes.fr\/2025\/FAURIE\/wp-content\/uploads\/2026\/02\/image-300x169.jpg 300w, https:\/\/techdeco-tarbes.fr\/2025\/FAURIE\/wp-content\/uploads\/2026\/02\/image-768x434.jpg 768w\" sizes=\"(max-width: 885px) 100vw, 885px\" \/><\/div><\/div>\n\t\t\t\t\t\t<\/div>\n\t\t\t\t<\/article><article class=\"wpr-timeline-entry wpr-right-aligned elementor-repeater-item-f56d4ea\" data-item-id=\"elementor-repeater-item-f56d4ea\"><time class=\"wpr-extra-label\" data-aos=\"fade\" data-aos-left=\"\" data-aos-right=\"\" data-animation-offset=\"150\" data-animation-duration=\"600\"><span class=\"wpr-label\">2020 - 2023<\/span><\/time><div class=\"wpr-timeline-entry-inner\"><div class=\"wpr-main-line-icon wpr-icon\"><i aria-hidden=\"true\" class=\"far fa-paper-plane\"><\/i><\/div><div class=\"wpr-story-info-vertical wpr-data-wrap \"  data-aos=\"fade\" data-aos-left=\"\" data-aos-right=\"\" data-animation-offset=\"150\" data-animation-duration=\"600\"><div class=\"wpr-timeline-content-wrapper\"><div class=\"wpr-content-wrapper\"><p class=\"wpr-title-wrap\"><span class=\"wpr-title\">Lyc\u00e9e Henri Matisse<\/span><\/p><\/div><\/div><div class=\"wpr-animation-wrap wpr-timeline-media\"><img decoding=\"async\" width=\"885\" height=\"500\" src=\"https:\/\/techdeco-tarbes.fr\/2025\/FAURIE\/wp-content\/uploads\/2026\/02\/lycee.png\" class=\"attachment-full size-full\" alt=\"\" srcset=\"https:\/\/techdeco-tarbes.fr\/2025\/FAURIE\/wp-content\/uploads\/2026\/02\/lycee.png 885w, https:\/\/techdeco-tarbes.fr\/2025\/FAURIE\/wp-content\/uploads\/2026\/02\/lycee-300x169.png 300w, https:\/\/techdeco-tarbes.fr\/2025\/FAURIE\/wp-content\/uploads\/2026\/02\/lycee-768x434.png 768w\" sizes=\"(max-width: 885px) 100vw, 885px\" \/><\/div><\/div>\n\t\t\t\t\t\t<\/div>\n\t\t\t\t<\/article><span class=\"wpr-year-wrap\"><span class=\"wpr-year-label wpr-year\">2023<\/span><\/span><article class=\"wpr-timeline-entry wpr-left-aligned elementor-repeater-item-5cd788e\" data-item-id=\"elementor-repeater-item-5cd788e\"><time class=\"wpr-extra-label\" data-aos=\"fade\" data-aos-left=\"\" data-aos-right=\"\" data-animation-offset=\"150\" data-animation-duration=\"600\"><span class=\"wpr-label\">2023 - 2026<\/span><\/time><div class=\"wpr-timeline-entry-inner\"><div class=\"wpr-main-line-icon wpr-icon\"><i aria-hidden=\"true\" class=\"far fa-lightbulb\"><\/i><\/div><div class=\"wpr-story-info-vertical wpr-data-wrap \"  data-aos=\"fade\" data-aos-left=\"\" data-aos-right=\"\" data-animation-offset=\"150\" data-animation-duration=\"600\"><div class=\"wpr-timeline-content-wrapper\"><div class=\"wpr-content-wrapper\"><p class=\"wpr-title-wrap\"><span class=\"wpr-title\">IUT Tarbes<\/span><\/p><\/div><\/div><div class=\"wpr-animation-wrap wpr-timeline-media\"><img decoding=\"async\" width=\"1024\" height=\"682\" src=\"https:\/\/techdeco-tarbes.fr\/2025\/FAURIE\/wp-content\/uploads\/2026\/02\/Locaux-19-1024x682-1.jpg\" class=\"attachment-full size-full\" alt=\"\" srcset=\"https:\/\/techdeco-tarbes.fr\/2025\/FAURIE\/wp-content\/uploads\/2026\/02\/Locaux-19-1024x682-1.jpg 1024w, https:\/\/techdeco-tarbes.fr\/2025\/FAURIE\/wp-content\/uploads\/2026\/02\/Locaux-19-1024x682-1-300x200.jpg 300w, https:\/\/techdeco-tarbes.fr\/2025\/FAURIE\/wp-content\/uploads\/2026\/02\/Locaux-19-1024x682-1-768x512.jpg 768w\" sizes=\"(max-width: 1024px) 100vw, 1024px\" \/><\/div><\/div>\n\t\t\t\t\t\t<\/div>\n\t\t\t\t<\/article><span class=\"wpr-year-wrap\"><span class=\"wpr-year-label wpr-year\">2026<\/span><\/span><article class=\"wpr-timeline-entry wpr-right-aligned elementor-repeater-item-dc7c4ef\" data-item-id=\"elementor-repeater-item-dc7c4ef\"><time class=\"wpr-extra-label\" data-aos=\"fade\" data-aos-left=\"\" data-aos-right=\"\" data-animation-offset=\"150\" data-animation-duration=\"600\"><span class=\"wpr-label\">2026 -2028<\/span><\/time><div class=\"wpr-timeline-entry-inner\"><div class=\"wpr-main-line-icon wpr-icon\"><i aria-hidden=\"true\" class=\"fas fa-bolt\"><\/i><\/div><div class=\"wpr-story-info-vertical wpr-data-wrap \"  data-aos=\"fade\" data-aos-left=\"\" data-aos-right=\"\" data-animation-offset=\"150\" data-animation-duration=\"600\"><div class=\"wpr-timeline-content-wrapper\"><div class=\"wpr-content-wrapper\"><p class=\"wpr-title-wrap\"><span class=\"wpr-title\">IMSI Toulouse<\/span><\/p><\/div><\/div><div class=\"wpr-animation-wrap wpr-timeline-media\"><img loading=\"lazy\" decoding=\"async\" width=\"1130\" height=\"340\" src=\"https:\/\/techdeco-tarbes.fr\/2025\/FAURIE\/wp-content\/uploads\/2026\/02\/toulouse-imsi.jpg\" class=\"attachment-full size-full\" alt=\"\" srcset=\"https:\/\/techdeco-tarbes.fr\/2025\/FAURIE\/wp-content\/uploads\/2026\/02\/toulouse-imsi.jpg 1130w, https:\/\/techdeco-tarbes.fr\/2025\/FAURIE\/wp-content\/uploads\/2026\/02\/toulouse-imsi-300x90.jpg 300w, https:\/\/techdeco-tarbes.fr\/2025\/FAURIE\/wp-content\/uploads\/2026\/02\/toulouse-imsi-1024x308.jpg 1024w, https:\/\/techdeco-tarbes.fr\/2025\/FAURIE\/wp-content\/uploads\/2026\/02\/toulouse-imsi-768x231.jpg 768w\" sizes=\"(max-width: 1130px) 100vw, 1130px\" \/><\/div><\/div>\n\t\t\t\t\t\t<\/div>\n\t\t\t\t<\/article><\/div>    \n\t\t\t<\/div>\t\t\t\t<\/div>\n\t\t\t\t\t<\/div>\n\t\t\t\t<\/div>\n\t\t<div class=\"elementor-element elementor-element-c98a0b8 e-flex e-con-boxed wpr-particle-no wpr-jarallax-no wpr-parallax-no wpr-sticky-section-no e-con e-parent\" data-id=\"c98a0b8\" data-element_type=\"container\">\n\t\t\t\t\t<div class=\"e-con-inner\">\n\t\t\t\t<div class=\"elementor-element elementor-element-d4cd606 elementor-widget elementor-widget-heading\" data-id=\"d4cd606\" data-element_type=\"widget\" data-widget_type=\"heading.default\">\n\t\t\t\t\t<h2 class=\"elementor-heading-title elementor-size-default\">Centres d'int\u00e9r\u00eats<\/h2>\t\t\t\t<\/div>\n\t\t\t\t\t<\/div>\n\t\t\t\t<\/div>\n\t\t<div class=\"elementor-element elementor-element-59a0c8d e-flex e-con-boxed wpr-particle-no wpr-jarallax-no wpr-parallax-no wpr-sticky-section-no e-con e-parent\" data-id=\"59a0c8d\" data-element_type=\"container\">\n\t\t\t\t\t<div class=\"e-con-inner\">\n\t\t\t\t<div class=\"elementor-element elementor-element-88b78b3 elementor-arrows-position-inside elementor-widget elementor-widget-image-carousel\" data-id=\"88b78b3\" data-element_type=\"widget\" data-settings=\"{&quot;navigation&quot;:&quot;arrows&quot;,&quot;autoplay&quot;:&quot;yes&quot;,&quot;pause_on_interaction&quot;:&quot;yes&quot;,&quot;autoplay_speed&quot;:5000,&quot;infinite&quot;:&quot;yes&quot;,&quot;speed&quot;:500}\" data-widget_type=\"image-carousel.default\">\n\t\t\t\t\t\t\t<div class=\"elementor-image-carousel-wrapper swiper\" role=\"region\" aria-roledescription=\"carousel\" aria-label=\"Carrousel d\u2019images\" dir=\"ltr\">\n\t\t\t<div class=\"elementor-image-carousel swiper-wrapper\" aria-live=\"off\">\n\t\t\t\t\t\t\t\t<div class=\"swiper-slide\" role=\"group\" aria-roledescription=\"slide\" aria-label=\"1 sur 3\"><figure class=\"swiper-slide-inner\"><img decoding=\"async\" class=\"swiper-slide-image\" src=\"https:\/\/techdeco-tarbes.fr\/2025\/FAURIE\/wp-content\/uploads\/2026\/02\/IMG_4795-576x1024.jpg\" alt=\"IMG_4795\" \/><\/figure><\/div><div class=\"swiper-slide\" role=\"group\" aria-roledescription=\"slide\" aria-label=\"2 sur 3\"><figure class=\"swiper-slide-inner\"><img decoding=\"async\" class=\"swiper-slide-image\" src=\"https:\/\/techdeco-tarbes.fr\/2025\/FAURIE\/wp-content\/uploads\/2026\/02\/IMG_0902-576x1024.jpg\" alt=\"IMG_0902\" \/><\/figure><\/div><div class=\"swiper-slide\" role=\"group\" aria-roledescription=\"slide\" aria-label=\"3 sur 3\"><figure class=\"swiper-slide-inner\"><img decoding=\"async\" class=\"swiper-slide-image\" src=\"https:\/\/techdeco-tarbes.fr\/2025\/FAURIE\/wp-content\/uploads\/2026\/02\/unnamed-576x1024.jpg\" alt=\"unnamed\" \/><\/figure><\/div>\t\t\t<\/div>\n\t\t\t\t\t\t\t\t\t\t\t\t<div class=\"elementor-swiper-button elementor-swiper-button-prev\" role=\"button\" tabindex=\"0\">\n\t\t\t\t\t\t<svg aria-hidden=\"true\" class=\"e-font-icon-svg e-eicon-chevron-left\" viewBox=\"0 0 1000 1000\" xmlns=\"http:\/\/www.w3.org\/2000\/svg\"><path d=\"M646 125C629 125 613 133 604 142L308 442C296 454 292 471 292 487 292 504 296 521 308 533L604 854C617 867 629 875 646 875 663 875 679 871 692 858 704 846 713 829 713 812 713 796 708 779 692 767L438 487 692 225C700 217 708 204 708 187 708 171 704 154 692 142 675 129 663 125 646 125Z\"><\/path><\/svg>\t\t\t\t\t<\/div>\n\t\t\t\t\t<div class=\"elementor-swiper-button elementor-swiper-button-next\" role=\"button\" tabindex=\"0\">\n\t\t\t\t\t\t<svg aria-hidden=\"true\" class=\"e-font-icon-svg e-eicon-chevron-right\" viewBox=\"0 0 1000 1000\" xmlns=\"http:\/\/www.w3.org\/2000\/svg\"><path d=\"M696 533C708 521 713 504 713 487 713 471 708 454 696 446L400 146C388 133 375 125 354 125 338 125 325 129 313 142 300 154 292 171 292 187 292 204 296 221 308 233L563 492 304 771C292 783 288 800 288 817 288 833 296 850 308 863 321 871 338 875 354 875 371 875 388 867 400 854L696 533Z\"><\/path><\/svg>\t\t\t\t\t<\/div>\n\t\t\t\t\n\t\t\t\t\t\t\t\t\t<\/div>\n\t\t\t\t\t\t<\/div>\n\t\t\t\t\t<\/div>\n\t\t\t\t<\/div>\n\t\t<div class=\"elementor-element elementor-element-302610c e-flex e-con-boxed wpr-particle-no wpr-jarallax-no wpr-parallax-no wpr-sticky-section-no e-con e-parent\" data-id=\"302610c\" data-element_type=\"container\">\n\t\t\t\t\t<div class=\"e-con-inner\">\n\t\t\t\t<div class=\"elementor-element elementor-element-22ddcf2 elementor-widget elementor-widget-heading\" data-id=\"22ddcf2\" data-element_type=\"widget\" data-widget_type=\"heading.default\">\n\t\t\t\t\t<h2 class=\"elementor-heading-title elementor-size-default\">Mon Ikigai<\/h2>\t\t\t\t<\/div>\n\t\t\t\t<div class=\"elementor-element elementor-element-7d6b764 elementor-widget elementor-widget-image\" data-id=\"7d6b764\" data-element_type=\"widget\" data-widget_type=\"image.default\">\n\t\t\t\t\t\t\t\t\t\t\t\t\t\t\t<img loading=\"lazy\" decoding=\"async\" width=\"800\" height=\"450\" src=\"https:\/\/techdeco-tarbes.fr\/2025\/FAURIE\/wp-content\/uploads\/2026\/02\/Ikigai.pdf-1024x576.jpg\" class=\"attachment-large size-large wp-image-929\" alt=\"\" srcset=\"https:\/\/techdeco-tarbes.fr\/2025\/FAURIE\/wp-content\/uploads\/2026\/02\/Ikigai.pdf-1024x576.jpg 1024w, https:\/\/techdeco-tarbes.fr\/2025\/FAURIE\/wp-content\/uploads\/2026\/02\/Ikigai.pdf-300x169.jpg 300w, https:\/\/techdeco-tarbes.fr\/2025\/FAURIE\/wp-content\/uploads\/2026\/02\/Ikigai.pdf-768x432.jpg 768w, https:\/\/techdeco-tarbes.fr\/2025\/FAURIE\/wp-content\/uploads\/2026\/02\/Ikigai.pdf-1536x864.jpg 1536w, https:\/\/techdeco-tarbes.fr\/2025\/FAURIE\/wp-content\/uploads\/2026\/02\/Ikigai.pdf.jpg 1920w\" sizes=\"(max-width: 800px) 100vw, 800px\" \/>\t\t\t\t\t\t\t\t\t\t\t\t\t\t\t<\/div>\n\t\t\t\t\t<\/div>\n\t\t\t\t<\/div>\n\t\t\t\t<\/div>\n\t\t","protected":false},"excerpt":{"rendered":"<p>Mon parcours 2016 2016 &#8211; 2020 Coll\u00e8ge Pablo Picasso &#8211; Frouzins 2020 &#8211; 2023 Lyc\u00e9e Henri Matisse 2023 2023 &#8211; 2026 IUT Tarbes 2026 2026 -2028 IMSI Toulouse Centres d&rsquo;int\u00e9r\u00eats Mon Ikigai<\/p>\n","protected":false},"author":1,"featured_media":0,"parent":0,"menu_order":0,"comment_status":"closed","ping_status":"closed","template":"","meta":{"footnotes":""},"class_list":["post-29","page","type-page","status-publish","hentry"],"_links":{"self":[{"href":"https:\/\/techdeco-tarbes.fr\/2025\/FAURIE\/wp-json\/wp\/v2\/pages\/29","targetHints":{"allow":["GET"]}}],"collection":[{"href":"https:\/\/techdeco-tarbes.fr\/2025\/FAURIE\/wp-json\/wp\/v2\/pages"}],"about":[{"href":"https:\/\/techdeco-tarbes.fr\/2025\/FAURIE\/wp-json\/wp\/v2\/types\/page"}],"author":[{"embeddable":true,"href":"https:\/\/techdeco-tarbes.fr\/2025\/FAURIE\/wp-json\/wp\/v2\/users\/1"}],"replies":[{"embeddable":true,"href":"https:\/\/techdeco-tarbes.fr\/2025\/FAURIE\/wp-json\/wp\/v2\/comments?post=29"}],"version-history":[{"count":35,"href":"https:\/\/techdeco-tarbes.fr\/2025\/FAURIE\/wp-json\/wp\/v2\/pages\/29\/revisions"}],"predecessor-version":[{"id":1035,"href":"https:\/\/techdeco-tarbes.fr\/2025\/FAURIE\/wp-json\/wp\/v2\/pages\/29\/revisions\/1035"}],"wp:attachment":[{"href":"https:\/\/techdeco-tarbes.fr\/2025\/FAURIE\/wp-json\/wp\/v2\/media?parent=29"}],"curies":[{"name":"wp","href":"https:\/\/api.w.org\/{rel}","templated":true}]}}