{"id":9,"date":"2025-10-24T10:12:24","date_gmt":"2025-10-24T08:12:24","guid":{"rendered":"https:\/\/techdeco-tarbes.fr\/2025\/NGOBO-EPANDA\/?page_id=9"},"modified":"2026-02-24T11:57:12","modified_gmt":"2026-02-24T10:57:12","slug":"accueil","status":"publish","type":"page","link":"https:\/\/techdeco-tarbes.fr\/2025\/NGOBO-EPANDA\/","title":{"rendered":"Accueil"},"content":{"rendered":"\t\t<div data-elementor-type=\"wp-page\" data-elementor-id=\"9\" class=\"elementor elementor-9\">\n\t\t\t\t<div class=\"elementor-element elementor-element-eb3347c e-con-full e-flex wpr-particle-no wpr-jarallax-no wpr-parallax-no wpr-sticky-section-no wpr-equal-height-no e-con e-parent\" data-id=\"eb3347c\" data-element_type=\"container\" data-e-type=\"container\">\n\t\t\t\t<div class=\"elementor-element elementor-element-115b1a4 elementor-widget-tablet__width-initial elementor-invisible elementor-widget elementor-widget-image\" data-id=\"115b1a4\" data-element_type=\"widget\" data-e-type=\"widget\" data-settings=\"{&quot;_animation&quot;:&quot;slideInLeft&quot;}\" data-widget_type=\"image.default\">\n\t\t\t\t\t\t\t\t\t\t\t\t\t\t\t<img fetchpriority=\"high\" decoding=\"async\" width=\"764\" height=\"1024\" src=\"https:\/\/techdeco-tarbes.fr\/2025\/NGOBO-EPANDA\/wp-content\/uploads\/2025\/12\/IMG_1832-764x1024.jpeg\" class=\"attachment-large size-large wp-image-61\" alt=\"\" srcset=\"https:\/\/techdeco-tarbes.fr\/2025\/NGOBO-EPANDA\/wp-content\/uploads\/2025\/12\/IMG_1832-764x1024.jpeg 764w, https:\/\/techdeco-tarbes.fr\/2025\/NGOBO-EPANDA\/wp-content\/uploads\/2025\/12\/IMG_1832-224x300.jpeg 224w, https:\/\/techdeco-tarbes.fr\/2025\/NGOBO-EPANDA\/wp-content\/uploads\/2025\/12\/IMG_1832-768x1029.jpeg 768w, https:\/\/techdeco-tarbes.fr\/2025\/NGOBO-EPANDA\/wp-content\/uploads\/2025\/12\/IMG_1832-1147x1536.jpeg 1147w, https:\/\/techdeco-tarbes.fr\/2025\/NGOBO-EPANDA\/wp-content\/uploads\/2025\/12\/IMG_1832.jpeg 1272w\" sizes=\"(max-width: 764px) 100vw, 764px\" \/>\t\t\t\t\t\t\t\t\t\t\t\t\t\t\t<\/div>\n\t\t\t\t<div class=\"elementor-element elementor-element-15ce8b7 elementor-widget-tablet__width-initial elementor-invisible elementor-widget elementor-widget-image\" data-id=\"15ce8b7\" data-element_type=\"widget\" data-e-type=\"widget\" data-settings=\"{&quot;_animation&quot;:&quot;fadeInDown&quot;}\" data-widget_type=\"image.default\">\n\t\t\t\t\t\t\t\t\t\t\t\t\t\t\t<img decoding=\"async\" width=\"683\" height=\"1024\" src=\"https:\/\/techdeco-tarbes.fr\/2025\/NGOBO-EPANDA\/wp-content\/uploads\/2025\/12\/2433AA3D-F522-44DA-B8AE-BE080A72FB6C-683x1024.jpeg\" class=\"attachment-large size-large wp-image-64\" alt=\"\" srcset=\"https:\/\/techdeco-tarbes.fr\/2025\/NGOBO-EPANDA\/wp-content\/uploads\/2025\/12\/2433AA3D-F522-44DA-B8AE-BE080A72FB6C-683x1024.jpeg 683w, https:\/\/techdeco-tarbes.fr\/2025\/NGOBO-EPANDA\/wp-content\/uploads\/2025\/12\/2433AA3D-F522-44DA-B8AE-BE080A72FB6C-200x300.jpeg 200w, https:\/\/techdeco-tarbes.fr\/2025\/NGOBO-EPANDA\/wp-content\/uploads\/2025\/12\/2433AA3D-F522-44DA-B8AE-BE080A72FB6C-768x1152.jpeg 768w, https:\/\/techdeco-tarbes.fr\/2025\/NGOBO-EPANDA\/wp-content\/uploads\/2025\/12\/2433AA3D-F522-44DA-B8AE-BE080A72FB6C-1024x1536.jpeg 1024w, https:\/\/techdeco-tarbes.fr\/2025\/NGOBO-EPANDA\/wp-content\/uploads\/2025\/12\/2433AA3D-F522-44DA-B8AE-BE080A72FB6C-1366x2048.jpeg 1366w, https:\/\/techdeco-tarbes.fr\/2025\/NGOBO-EPANDA\/wp-content\/uploads\/2025\/12\/2433AA3D-F522-44DA-B8AE-BE080A72FB6C-scaled.jpeg 1707w\" sizes=\"(max-width: 683px) 100vw, 683px\" \/>\t\t\t\t\t\t\t\t\t\t\t\t\t\t\t<\/div>\n\t\t\t\t<div class=\"elementor-element elementor-element-b34149d elementor-widget-tablet__width-initial elementor-invisible elementor-widget elementor-widget-image\" data-id=\"b34149d\" data-element_type=\"widget\" data-e-type=\"widget\" data-settings=\"{&quot;_animation&quot;:&quot;fadeInRight&quot;}\" data-widget_type=\"image.default\">\n\t\t\t\t\t\t\t\t\t\t\t\t\t\t\t<img decoding=\"async\" width=\"768\" height=\"1024\" src=\"https:\/\/techdeco-tarbes.fr\/2025\/NGOBO-EPANDA\/wp-content\/uploads\/2025\/12\/68-768x1024.png\" class=\"attachment-large size-large wp-image-63\" alt=\"\" srcset=\"https:\/\/techdeco-tarbes.fr\/2025\/NGOBO-EPANDA\/wp-content\/uploads\/2025\/12\/68-768x1024.png 768w, https:\/\/techdeco-tarbes.fr\/2025\/NGOBO-EPANDA\/wp-content\/uploads\/2025\/12\/68-225x300.png 225w, https:\/\/techdeco-tarbes.fr\/2025\/NGOBO-EPANDA\/wp-content\/uploads\/2025\/12\/68-1152x1536.png 1152w, https:\/\/techdeco-tarbes.fr\/2025\/NGOBO-EPANDA\/wp-content\/uploads\/2025\/12\/68-1536x2048.png 1536w, https:\/\/techdeco-tarbes.fr\/2025\/NGOBO-EPANDA\/wp-content\/uploads\/2025\/12\/68-scaled.png 1920w\" sizes=\"(max-width: 768px) 100vw, 768px\" \/>\t\t\t\t\t\t\t\t\t\t\t\t\t\t\t<\/div>\n\t\t\t\t<\/div>\n\t\t<div class=\"elementor-element elementor-element-f62b609 e-flex e-con-boxed wpr-particle-no wpr-jarallax-no wpr-parallax-no wpr-sticky-section-no wpr-equal-height-no e-con e-parent\" data-id=\"f62b609\" data-element_type=\"container\" data-e-type=\"container\">\n\t\t\t\t\t<div class=\"e-con-inner\">\n\t\t\t\t<div class=\"elementor-element elementor-element-4790c55 elementor-invisible elementor-widget elementor-widget-heading\" data-id=\"4790c55\" data-element_type=\"widget\" data-e-type=\"widget\" data-settings=\"{&quot;_animation&quot;:&quot;fadeIn&quot;}\" data-widget_type=\"heading.default\">\n\t\t\t\t\t<h1 class=\"elementor-heading-title elementor-size-default\">Cr\u00e9atrice de Projets,<br>Etudiante en TC.<\/h1>\t\t\t\t<\/div>\n\t\t\t\t\t<\/div>\n\t\t\t\t<\/div>\n\t\t<div class=\"elementor-element elementor-element-45258f4 e-flex e-con-boxed wpr-particle-no wpr-jarallax-no wpr-parallax-no wpr-sticky-section-no wpr-equal-height-no e-con e-parent\" data-id=\"45258f4\" data-element_type=\"container\" data-e-type=\"container\">\n\t\t\t\t\t<div class=\"e-con-inner\">\n\t\t\t\t<div class=\"elementor-element elementor-element-a293b1a elementor-widget__width-inherit elementor-invisible elementor-widget elementor-widget-heading\" data-id=\"a293b1a\" data-element_type=\"widget\" data-e-type=\"widget\" data-settings=\"{&quot;_animation&quot;:&quot;fadeInDown&quot;}\" data-widget_type=\"heading.default\">\n\t\t\t\t\t<h2 class=\"elementor-heading-title elementor-size-default\">\u00c9tudiante en MDEE, j'explore l'intersection entre strat\u00e9gie digitale et entrepreneuriat. Ce portfolio rassemble mes projets acad\u00e9miques, pros et personnels pour illustrer mes comp\u00e9tences en action. Bienvenue dans les coulisses de mon parcours, entre vision marketing et projets concrets.<\/h2>\t\t\t\t<\/div>\n\t\t\t\t\t<\/div>\n\t\t\t\t<\/div>\n\t\t<div class=\"elementor-element elementor-element-c9446c1 e-con-full e-flex wpr-particle-no wpr-jarallax-no wpr-parallax-no wpr-sticky-section-no wpr-equal-height-no e-con e-parent\" data-id=\"c9446c1\" data-element_type=\"container\" data-e-type=\"container\">\n\t\t<div class=\"elementor-element elementor-element-1f5a597 e-con-full e-flex wpr-particle-no wpr-jarallax-no wpr-parallax-no wpr-sticky-section-no wpr-equal-height-no elementor-invisible e-con e-child\" data-id=\"1f5a597\" data-element_type=\"container\" data-e-type=\"container\" data-settings=\"{&quot;animation&quot;:&quot;slideInLeft&quot;,&quot;animation_delay&quot;:0}\">\n\t\t\t\t<div class=\"elementor-element elementor-element-769e1cb elementor-widget__width-initial elementor-widget elementor-widget-video\" data-id=\"769e1cb\" data-element_type=\"widget\" data-e-type=\"widget\" data-settings=\"{&quot;video_type&quot;:&quot;hosted&quot;,&quot;autoplay&quot;:&quot;yes&quot;,&quot;play_on_mobile&quot;:&quot;yes&quot;,&quot;mute&quot;:&quot;yes&quot;,&quot;loop&quot;:&quot;yes&quot;,&quot;controls&quot;:&quot;yes&quot;}\" data-widget_type=\"video.default\">\n\t\t\t\t\t\t\t<div class=\"e-hosted-video elementor-wrapper elementor-open-inline\">\n\t\t\t\t\t<video class=\"elementor-video\" src=\"https:\/\/techdeco-tarbes.fr\/2025\/NGOBO-EPANDA\/wp-content\/uploads\/2025\/12\/portfoliocourt-1.mp4\" autoplay=\"\" loop=\"\" controls=\"\" muted=\"muted\" playsinline=\"\" controlsList=\"nodownload\"><\/video>\n\t\t\t\t<\/div>\n\t\t\t\t\t\t<\/div>\n\t\t\t\t<div class=\"elementor-element elementor-element-a59e0e3 elementor-widget elementor-widget-heading\" data-id=\"a59e0e3\" data-element_type=\"widget\" data-e-type=\"widget\" data-widget_type=\"heading.default\">\n\t\t\t\t\t<h2 class=\"elementor-heading-title elementor-size-default\">PROJETS<br>UNIVERSITAIRES<\/h2>\t\t\t\t<\/div>\n\t\t\t\t<\/div>\n\t\t<div class=\"elementor-element elementor-element-1c5e832 e-con-full e-flex wpr-particle-no wpr-jarallax-no wpr-parallax-no wpr-sticky-section-no wpr-equal-height-no elementor-invisible e-con e-child\" data-id=\"1c5e832\" data-element_type=\"container\" data-e-type=\"container\" data-settings=\"{&quot;animation&quot;:&quot;slideInLeft&quot;,&quot;animation_delay&quot;:200}\">\n\t\t\t\t<div class=\"elementor-element elementor-element-536ef89 elementor-widget__width-initial elementor-widget elementor-widget-video\" data-id=\"536ef89\" data-element_type=\"widget\" data-e-type=\"widget\" data-settings=\"{&quot;video_type&quot;:&quot;hosted&quot;,&quot;autoplay&quot;:&quot;yes&quot;,&quot;play_on_mobile&quot;:&quot;yes&quot;,&quot;mute&quot;:&quot;yes&quot;,&quot;loop&quot;:&quot;yes&quot;,&quot;controls&quot;:&quot;yes&quot;}\" data-widget_type=\"video.default\">\n\t\t\t\t\t\t\t<div class=\"e-hosted-video elementor-wrapper elementor-open-inline\">\n\t\t\t\t\t<video class=\"elementor-video\" src=\"https:\/\/techdeco-tarbes.fr\/2025\/NGOBO-EPANDA\/wp-content\/uploads\/2025\/12\/1224_BDMl5Onz.mp4\" autoplay=\"\" loop=\"\" controls=\"\" muted=\"muted\" playsinline=\"\" controlsList=\"nodownload\"><\/video>\n\t\t\t\t<\/div>\n\t\t\t\t\t\t<\/div>\n\t\t\t\t<div class=\"elementor-element elementor-element-ab3b912 elementor-widget elementor-widget-heading\" data-id=\"ab3b912\" data-element_type=\"widget\" data-e-type=\"widget\" data-widget_type=\"heading.default\">\n\t\t\t\t\t<h2 class=\"elementor-heading-title elementor-size-default\">EXP\u00c9RIENCES<br>PROFESSIONELLES<\/h2>\t\t\t\t<\/div>\n\t\t\t\t<\/div>\n\t\t<div class=\"elementor-element elementor-element-895c41b e-con-full e-flex wpr-particle-no wpr-jarallax-no wpr-parallax-no wpr-sticky-section-no wpr-equal-height-no elementor-invisible e-con e-child\" data-id=\"895c41b\" data-element_type=\"container\" data-e-type=\"container\" data-settings=\"{&quot;animation&quot;:&quot;slideInLeft&quot;,&quot;animation_delay&quot;:400}\">\n\t\t\t\t<div class=\"elementor-element elementor-element-d8fb940 elementor-widget__width-initial elementor-widget elementor-widget-video\" data-id=\"d8fb940\" data-element_type=\"widget\" data-e-type=\"widget\" data-settings=\"{&quot;video_type&quot;:&quot;hosted&quot;,&quot;autoplay&quot;:&quot;yes&quot;,&quot;play_on_mobile&quot;:&quot;yes&quot;,&quot;mute&quot;:&quot;yes&quot;,&quot;loop&quot;:&quot;yes&quot;,&quot;controls&quot;:&quot;yes&quot;}\" data-widget_type=\"video.default\">\n\t\t\t\t\t\t\t<div class=\"e-hosted-video elementor-wrapper elementor-open-inline\">\n\t\t\t\t\t<video class=\"elementor-video\" src=\"https:\/\/techdeco-tarbes.fr\/2025\/NGOBO-EPANDA\/wp-content\/uploads\/2025\/12\/portfolio2.mp4\" autoplay=\"\" loop=\"\" controls=\"\" muted=\"muted\" playsinline=\"\" controlsList=\"nodownload\"><\/video>\n\t\t\t\t<\/div>\n\t\t\t\t\t\t<\/div>\n\t\t\t\t<div class=\"elementor-element elementor-element-dee5194 elementor-widget elementor-widget-heading\" data-id=\"dee5194\" data-element_type=\"widget\" data-e-type=\"widget\" data-widget_type=\"heading.default\">\n\t\t\t\t\t<h2 class=\"elementor-heading-title elementor-size-default\">PROJETS <br>PERSONNELS<\/h2>\t\t\t\t<\/div>\n\t\t\t\t<\/div>\n\t\t\t\t<\/div>\n\t\t<div class=\"elementor-element elementor-element-52a181c e-con-full e-flex wpr-particle-no wpr-jarallax-no wpr-parallax-no wpr-sticky-section-no wpr-equal-height-no e-con e-parent\" data-id=\"52a181c\" data-element_type=\"container\" data-e-type=\"container\">\n\t\t\t\t<div class=\"elementor-element elementor-element-31f25d4 elementor-widget elementor-widget-html\" data-id=\"31f25d4\" data-element_type=\"widget\" data-e-type=\"widget\" data-widget_type=\"html.default\">\n\t\t\t\t\t<div class=\"marquee-container\">\n  <div class=\"marquee-content\">\n    SAE \u2022 \n    PROJETS CONCRETS \u2022 ENTREPRENEURIAT \u2022 COMP\u00c9TENCES \u2022 SAE \u2022 PROJETS CONCRETS \u2022 ENTREPRENEURIAT \u2022 COMP\u00c9TENCES \u2022 SAE \u2022 PROJETS CONCRETS \u2022 ENTREPRENEURIAT \u2022\n        COMP\u00c9TENCES \u2022\n        \n  <\/div>\n<\/div>\n\n<style>\n\/* --- Configuration de base --- *\/\n.marquee-container {\n  width: 100%;\n  overflow: hidden;\n  background: #000000;\n  padding: 15px 0;\n  white-space: nowrap;\n  display: flex;\n}\n\n.marquee-content {\n  display: inline-block;\n  font-family: 'Arial Black', sans-serif;\n  font-weight: 900;\n  color: #F2508B; \/* Ton rose fushia *\/\n  text-transform: uppercase;\n  animation: marquee 20s linear infinite;\n  padding-left: 0;\n}\n\n\/* --- Taille sur ORDINATEUR --- *\/\n@media (min-width: 1025px) {\n  .marquee-content {\n    font-size: 60px;\n  }\n}\n\n\/* --- Taille sur TABLETTE --- *\/\n@media (max-width: 1024px) {\n  .marquee-content {\n    font-size: 40px;\n  }\n}\n\n\/* --- Taille sur T\u00c9L\u00c9PHONE --- *\/\n@media (max-width: 767px) {\n  .marquee-content {\n    font-size: 25px; \/* Plus petit pour ne pas manger tout l'\u00e9cran *\/\n    animation: marquee 12s linear infinite; \/* Un peu plus rapide car le texte est plus court *\/\n  }\n  .marquee-container {\n    padding: 10px 0;\n  }\n}\n\n\/* --- Animation --- *\/\n@keyframes marquee {\n  0% { transform: translateX(0); }\n  100% { transform: translateX(-50%); }\n}\n<\/style>\t\t\t\t<\/div>\n\t\t\t\t<\/div>\n\t\t<div class=\"elementor-element elementor-element-c34af1b e-flex e-con-boxed wpr-particle-no wpr-jarallax-no wpr-parallax-no wpr-sticky-section-no wpr-equal-height-no e-con e-parent\" data-id=\"c34af1b\" data-element_type=\"container\" data-e-type=\"container\" data-settings=\"{&quot;background_background&quot;:&quot;classic&quot;}\">\n\t\t\t\t\t<div class=\"e-con-inner\">\n\t\t\t\t<div class=\"elementor-element elementor-element-1d06437 elementor-widget elementor-widget-heading\" data-id=\"1d06437\" data-element_type=\"widget\" data-e-type=\"widget\" data-widget_type=\"heading.default\">\n\t\t\t\t\t<h2 class=\"elementor-heading-title elementor-size-default\">\u00c0 l'IUT de Tarbes, j'ai appris que le digital est un terrain d'adaptation permanente. Mon approche ? Allier la rigueur de l'analyse \u00e0 l'audace cr\u00e9ative pour transformer chaque id\u00e9e en impact r\u00e9el.\n\nC'est ce temp\u00e9rament curieux et r\u00e9actif que je cultive \u00e0 travers chaque projet.<\/h2>\t\t\t\t<\/div>\n\t\t\t\t\t<\/div>\n\t\t\t\t<\/div>\n\t\t<div class=\"elementor-element elementor-element-486e196 e-flex e-con-boxed wpr-particle-no wpr-jarallax-no wpr-parallax-no wpr-sticky-section-no wpr-equal-height-no e-con e-parent\" data-id=\"486e196\" data-element_type=\"container\" data-e-type=\"container\">\n\t\t\t\t\t<div class=\"e-con-inner\">\n\t\t\t\t<div class=\"elementor-element elementor-element-ffeee14 elementor-widget elementor-widget-button\" data-id=\"ffeee14\" data-element_type=\"widget\" data-e-type=\"widget\" data-widget_type=\"button.default\">\n\t\t\t\t\t\t\t\t\t\t<a class=\"elementor-button elementor-button-link elementor-size-sm elementor-animation-grow\" href=\"https:\/\/techdeco-tarbes.fr\/2025\/NGOBO-EPANDA\/qui-suis-je\/?preview_id=38&#038;preview_nonce=63f93751d5&#038;preview=true\">\n\t\t\t\t\t\t<span class=\"elementor-button-content-wrapper\">\n\t\t\t\t\t\t\t\t\t<span class=\"elementor-button-text\">D\u00c9COUVRIR MON PROFIL<\/span>\n\t\t\t\t\t<\/span>\n\t\t\t\t\t<\/a>\n\t\t\t\t\t\t\t\t<\/div>\n\t\t\t\t\t<\/div>\n\t\t\t\t<\/div>\n\t\t\t\t<\/div>\n\t\t","protected":false},"excerpt":{"rendered":"<p>Cr\u00e9atrice de Projets,Etudiante en TC. \u00c9tudiante en MDEE, j&rsquo;explore l&rsquo;intersection entre strat\u00e9gie digitale et entrepreneuriat. Ce portfolio rassemble mes projets acad\u00e9miques, pros et personnels pour illustrer mes comp\u00e9tences en action. Bienvenue dans les coulisses de mon parcours, entre vision marketing et projets concrets. https:\/\/techdeco-tarbes.fr\/2025\/NGOBO-EPANDA\/wp-content\/uploads\/2025\/12\/portfoliocourt-1.mp4 PROJETSUNIVERSITAIRES https:\/\/techdeco-tarbes.fr\/2025\/NGOBO-EPANDA\/wp-content\/uploads\/2025\/12\/1224_BDMl5Onz.mp4 EXP\u00c9RIENCESPROFESSIONELLES https:\/\/techdeco-tarbes.fr\/2025\/NGOBO-EPANDA\/wp-content\/uploads\/2025\/12\/portfolio2.mp4 PROJETS PERSONNELS SAE \u2022 PROJETS CONCRETS \u2022 ENTREPRENEURIAT \u2022 COMP\u00c9TENCES \u2022 SAE \u2022 PROJETS CONCRETS \u2022 ENTREPRENEURIAT \u2022 COMP\u00c9TENCES \u2022 SAE \u2022 PROJETS CONCRETS \u2022 ENTREPRENEURIAT \u2022 COMP\u00c9TENCES \u2022 \u00c0 l&rsquo;IUT de Tarbes, j&rsquo;ai appris que le digital est un terrain d&rsquo;adaptation permanente. Mon approche ? Allier la rigueur de l&rsquo;analyse \u00e0 l&rsquo;audace cr\u00e9ative pour transformer chaque id\u00e9e en impact r\u00e9el. C&rsquo;est ce temp\u00e9rament curieux et r\u00e9actif que je cultive \u00e0 travers chaque projet. D\u00c9COUVRIR MON PROFIL<\/p>\n","protected":false},"author":1,"featured_media":0,"parent":0,"menu_order":0,"comment_status":"closed","ping_status":"closed","template":"","meta":{"footnotes":""},"class_list":["post-9","page","type-page","status-publish","hentry"],"_links":{"self":[{"href":"https:\/\/techdeco-tarbes.fr\/2025\/NGOBO-EPANDA\/wp-json\/wp\/v2\/pages\/9","targetHints":{"allow":["GET"]}}],"collection":[{"href":"https:\/\/techdeco-tarbes.fr\/2025\/NGOBO-EPANDA\/wp-json\/wp\/v2\/pages"}],"about":[{"href":"https:\/\/techdeco-tarbes.fr\/2025\/NGOBO-EPANDA\/wp-json\/wp\/v2\/types\/page"}],"author":[{"embeddable":true,"href":"https:\/\/techdeco-tarbes.fr\/2025\/NGOBO-EPANDA\/wp-json\/wp\/v2\/users\/1"}],"replies":[{"embeddable":true,"href":"https:\/\/techdeco-tarbes.fr\/2025\/NGOBO-EPANDA\/wp-json\/wp\/v2\/comments?post=9"}],"version-history":[{"count":150,"href":"https:\/\/techdeco-tarbes.fr\/2025\/NGOBO-EPANDA\/wp-json\/wp\/v2\/pages\/9\/revisions"}],"predecessor-version":[{"id":289,"href":"https:\/\/techdeco-tarbes.fr\/2025\/NGOBO-EPANDA\/wp-json\/wp\/v2\/pages\/9\/revisions\/289"}],"wp:attachment":[{"href":"https:\/\/techdeco-tarbes.fr\/2025\/NGOBO-EPANDA\/wp-json\/wp\/v2\/media?parent=9"}],"curies":[{"name":"wp","href":"https:\/\/api.w.org\/{rel}","templated":true}]}}