{"id":7,"date":"2025-10-24T14:02:55","date_gmt":"2025-10-24T12:02:55","guid":{"rendered":"https:\/\/techdeco-tarbes.fr\/2025\/PASCAL\/?page_id=7"},"modified":"2025-12-24T02:11:44","modified_gmt":"2025-12-24T01:11:44","slug":"accueil","status":"publish","type":"page","link":"https:\/\/techdeco-tarbes.fr\/2025\/PASCAL\/","title":{"rendered":"Accueil"},"content":{"rendered":"\t\t<div data-elementor-type=\"wp-page\" data-elementor-id=\"7\" class=\"elementor elementor-7\">\n\t\t\t\t<div class=\"elementor-element elementor-element-143ba04a e-con-full e-flex wpr-particle-no wpr-jarallax-no wpr-parallax-no wpr-sticky-section-no e-con e-parent\" data-id=\"143ba04a\" data-element_type=\"container\" data-settings=\"{&quot;background_background&quot;:&quot;classic&quot;}\">\n\t\t<div class=\"elementor-element elementor-element-62a38f38 e-con-full e-flex wpr-particle-no wpr-jarallax-no wpr-parallax-no wpr-sticky-section-no e-con e-child\" data-id=\"62a38f38\" data-element_type=\"container\">\n\t\t\t\t<div class=\"elementor-element elementor-element-4b83b24 elementor-widget elementor-widget-heading\" data-id=\"4b83b24\" data-element_type=\"widget\" data-widget_type=\"heading.default\">\n\t\t\t\t\t<h1 class=\"elementor-heading-title elementor-size-default\">PASCAL\nMartin<\/h1>\t\t\t\t<\/div>\n\t\t\t\t<\/div>\n\t\t<div class=\"elementor-element elementor-element-753aa9c2 e-con-full e-flex wpr-particle-no wpr-jarallax-no wpr-parallax-no wpr-sticky-section-no e-con e-child\" data-id=\"753aa9c2\" data-element_type=\"container\">\n\t\t\t\t<div class=\"elementor-element elementor-element-8abc089 elementor-widget elementor-widget-text-editor\" data-id=\"8abc089\" data-element_type=\"widget\" data-widget_type=\"text-editor.default\">\n\t\t\t\t\t\t\t\t\t<p>\u00a0 \u00a0 \u00a0 \u00a0 \u00a0 Avec un grand int\u00e9r\u00eat pour le commerce li\u00e9 au b\u00e2timent, le contact humain qui l&rsquo;entoure et les environnements dynamiques que ses secteurs proposent, je suis actuellement \u00e9tudiant en troisi\u00e8me ann\u00e9e de BUT Techniques de Commercialisation, sp\u00e9cialit\u00e9 Business International. \u00c0 travers ce portfolio, je vous invite \u00e0 d\u00e9couvrir mon parcours, mes d\u00e9buts professionnels et les comp\u00e9tences que j&rsquo;ai pu d\u00e9velopper.\u00a0<\/p><p>\u00a0 \u00a0 \u00a0 \u00a0 \u00a0 De la r\u00e9alisation d&rsquo;\u00e9tudes structurelles jusqu&rsquo;\u00e0 la relation client, en passant par la gestion, j&rsquo;aborde chaque projet avec s\u00e9rieux et engagement. Mon objectif est clair : mettre en lien ces comp\u00e9tences pour progresser et transformer chaque exp\u00e9rience en opportunit\u00e9 de r\u00e9ussite.<\/p>\t\t\t\t\t\t\t\t<\/div>\n\t\t\t\t<\/div>\n\t\t\t\t<\/div>\n\t\t<div class=\"elementor-element elementor-element-6672fcb e-flex e-con-boxed wpr-particle-no wpr-jarallax-no wpr-parallax-no wpr-sticky-section-no e-con e-parent\" data-id=\"6672fcb\" data-element_type=\"container\">\n\t\t\t\t\t<div class=\"e-con-inner\">\n\t\t\t\t<div class=\"elementor-element elementor-element-f5ff706 elementor-widget elementor-widget-image\" data-id=\"f5ff706\" data-element_type=\"widget\" data-widget_type=\"image.default\">\n\t\t\t\t\t\t\t\t\t\t\t\t\t\t\t<img fetchpriority=\"high\" decoding=\"async\" width=\"1024\" height=\"683\" src=\"https:\/\/techdeco-tarbes.fr\/2025\/PASCAL\/wp-content\/uploads\/2025\/12\/29532249.jpg-1024x683.webp\" class=\"attachment-large size-large wp-image-197\" alt=\"\" srcset=\"https:\/\/techdeco-tarbes.fr\/2025\/PASCAL\/wp-content\/uploads\/2025\/12\/29532249.jpg-1024x683.webp 1024w, https:\/\/techdeco-tarbes.fr\/2025\/PASCAL\/wp-content\/uploads\/2025\/12\/29532249.jpg-300x200.webp 300w, https:\/\/techdeco-tarbes.fr\/2025\/PASCAL\/wp-content\/uploads\/2025\/12\/29532249.jpg-768x512.webp 768w, https:\/\/techdeco-tarbes.fr\/2025\/PASCAL\/wp-content\/uploads\/2025\/12\/29532249.jpg.webp 1500w\" sizes=\"(max-width: 1024px) 100vw, 1024px\" \/>\t\t\t\t\t\t\t\t\t\t\t\t\t\t\t<\/div>\n\t\t\t\t<div class=\"elementor-element elementor-element-e5dcc32 elementor-widget elementor-widget-image\" data-id=\"e5dcc32\" data-element_type=\"widget\" data-widget_type=\"image.default\">\n\t\t\t\t\t\t\t\t\t\t\t\t\t\t\t<img decoding=\"async\" width=\"1024\" height=\"684\" src=\"https:\/\/techdeco-tarbes.fr\/2025\/PASCAL\/wp-content\/uploads\/2025\/12\/travaux-et-mise-en-service-1024x684.jpg\" class=\"attachment-large size-large wp-image-198\" alt=\"\" srcset=\"https:\/\/techdeco-tarbes.fr\/2025\/PASCAL\/wp-content\/uploads\/2025\/12\/travaux-et-mise-en-service-1024x684.jpg 1024w, https:\/\/techdeco-tarbes.fr\/2025\/PASCAL\/wp-content\/uploads\/2025\/12\/travaux-et-mise-en-service-300x200.jpg 300w, https:\/\/techdeco-tarbes.fr\/2025\/PASCAL\/wp-content\/uploads\/2025\/12\/travaux-et-mise-en-service-768x513.jpg 768w, https:\/\/techdeco-tarbes.fr\/2025\/PASCAL\/wp-content\/uploads\/2025\/12\/travaux-et-mise-en-service-1536x1026.jpg 1536w, https:\/\/techdeco-tarbes.fr\/2025\/PASCAL\/wp-content\/uploads\/2025\/12\/travaux-et-mise-en-service.jpg 1617w\" sizes=\"(max-width: 1024px) 100vw, 1024px\" \/>\t\t\t\t\t\t\t\t\t\t\t\t\t\t\t<\/div>\n\t\t\t\t\t<\/div>\n\t\t\t\t<\/div>\n\t\t\t\t<\/div>\n\t\t","protected":false},"excerpt":{"rendered":"<p>PASCAL Martin \u00a0 \u00a0 \u00a0 \u00a0 \u00a0 Avec un grand int\u00e9r\u00eat pour le [&hellip;]<\/p>\n","protected":false},"author":1,"featured_media":0,"parent":0,"menu_order":0,"comment_status":"closed","ping_status":"closed","template":"","meta":{"footnotes":""},"class_list":["post-7","page","type-page","status-publish","hentry"],"_links":{"self":[{"href":"https:\/\/techdeco-tarbes.fr\/2025\/PASCAL\/wp-json\/wp\/v2\/pages\/7","targetHints":{"allow":["GET"]}}],"collection":[{"href":"https:\/\/techdeco-tarbes.fr\/2025\/PASCAL\/wp-json\/wp\/v2\/pages"}],"about":[{"href":"https:\/\/techdeco-tarbes.fr\/2025\/PASCAL\/wp-json\/wp\/v2\/types\/page"}],"author":[{"embeddable":true,"href":"https:\/\/techdeco-tarbes.fr\/2025\/PASCAL\/wp-json\/wp\/v2\/users\/1"}],"replies":[{"embeddable":true,"href":"https:\/\/techdeco-tarbes.fr\/2025\/PASCAL\/wp-json\/wp\/v2\/comments?post=7"}],"version-history":[{"count":22,"href":"https:\/\/techdeco-tarbes.fr\/2025\/PASCAL\/wp-json\/wp\/v2\/pages\/7\/revisions"}],"predecessor-version":[{"id":211,"href":"https:\/\/techdeco-tarbes.fr\/2025\/PASCAL\/wp-json\/wp\/v2\/pages\/7\/revisions\/211"}],"wp:attachment":[{"href":"https:\/\/techdeco-tarbes.fr\/2025\/PASCAL\/wp-json\/wp\/v2\/media?parent=7"}],"curies":[{"name":"wp","href":"https:\/\/api.w.org\/{rel}","templated":true}]}}