{"id":818,"date":"2026-03-17T12:07:34","date_gmt":"2026-03-17T11:07:34","guid":{"rendered":"https:\/\/techdeco-tarbes.fr\/2025\/SORIANO%20LE%20PARC\/?page_id=818"},"modified":"2026-03-25T09:49:58","modified_gmt":"2026-03-25T08:49:58","slug":"rugby","status":"publish","type":"page","link":"https:\/\/techdeco-tarbes.fr\/2025\/SORIANO%20LE%20PARC\/index.php\/rugby\/","title":{"rendered":"Rugby"},"content":{"rendered":"\t\t<div data-elementor-type=\"wp-page\" data-elementor-id=\"818\" class=\"elementor elementor-818\">\n\t\t\t\t<div class=\"elementor-element elementor-element-47cd0ad e-con-full e-flex wpr-particle-no wpr-jarallax-no wpr-parallax-no wpr-sticky-section-no e-con e-parent\" data-id=\"47cd0ad\" data-element_type=\"container\" data-settings=\"{&quot;background_background&quot;:&quot;slideshow&quot;,&quot;background_slideshow_gallery&quot;:[{&quot;id&quot;:972,&quot;url&quot;:&quot;https:\\\/\\\/techdeco-tarbes.fr\\\/2025\\\/SORIANO%20LE%20PARC\\\/wp-content\\\/uploads\\\/2026\\\/03\\\/IMG_3591.jpg&quot;}],&quot;background_slideshow_loop&quot;:&quot;yes&quot;,&quot;background_slideshow_slide_duration&quot;:5000,&quot;background_slideshow_slide_transition&quot;:&quot;fade&quot;,&quot;background_slideshow_transition_duration&quot;:500}\">\n\t\t<div class=\"elementor-element elementor-element-b790b28 e-con-full e-flex wpr-particle-no wpr-jarallax-no wpr-parallax-no wpr-sticky-section-no e-con e-child\" data-id=\"b790b28\" data-element_type=\"container\" data-settings=\"{&quot;background_background&quot;:&quot;slideshow&quot;,&quot;background_slideshow_gallery&quot;:[],&quot;background_slideshow_loop&quot;:&quot;yes&quot;,&quot;background_slideshow_slide_duration&quot;:5000,&quot;background_slideshow_slide_transition&quot;:&quot;fade&quot;,&quot;background_slideshow_transition_duration&quot;:500}\">\n\t\t\t\t<div class=\"elementor-element elementor-element-75c0d6b elementor-widget__width-initial elementor-invisible elementor-widget elementor-widget-heading\" data-id=\"75c0d6b\" data-element_type=\"widget\" data-settings=\"{&quot;_animation&quot;:&quot;jello&quot;}\" data-widget_type=\"heading.default\">\n\t\t\t\t\t<h2 class=\"elementor-heading-title elementor-size-default\">RUGBY<br><br><\/h2>\t\t\t\t<\/div>\n\t\t\t\t<div class=\"elementor-element elementor-element-c0545f7 elementor-widget elementor-widget-text-editor\" data-id=\"c0545f7\" data-element_type=\"widget\" data-widget_type=\"text-editor.default\">\n\t\t\t\t\t\t\t\t\t<p>Le rugby est au c\u0153ur de mon d\u00e9veloppement personnel<br \/>Il m\u2019a appris la rigueur, le d\u00e9passement de soi et le travail en \u00e9quipe.<\/p>\t\t\t\t\t\t\t\t<\/div>\n\t\t\t\t<\/div>\n\t\t\t\t<\/div>\n\t\t<div class=\"elementor-element elementor-element-e9d9dee e-flex e-con-boxed wpr-particle-no wpr-jarallax-no wpr-parallax-no wpr-sticky-section-no e-con e-parent\" data-id=\"e9d9dee\" data-element_type=\"container\" data-settings=\"{&quot;background_background&quot;:&quot;slideshow&quot;,&quot;background_slideshow_gallery&quot;:[{&quot;id&quot;:999,&quot;url&quot;:&quot;https:\\\/\\\/techdeco-tarbes.fr\\\/2025\\\/SORIANO%20LE%20PARC\\\/wp-content\\\/uploads\\\/2026\\\/03\\\/couleur_fond_rugby-2.png&quot;}],&quot;background_slideshow_loop&quot;:&quot;yes&quot;,&quot;background_slideshow_slide_duration&quot;:5000,&quot;background_slideshow_slide_transition&quot;:&quot;fade&quot;,&quot;background_slideshow_transition_duration&quot;:500}\">\n\t\t\t\t\t<div class=\"e-con-inner\">\n\t\t\t\t<div class=\"elementor-element elementor-element-bd28b38 elementor-widget elementor-widget-heading\" data-id=\"bd28b38\" data-element_type=\"widget\" data-widget_type=\"heading.default\">\n\t\t\t\t\t<h2 class=\"elementor-heading-title elementor-size-default\">Mon parcours rugby<\/h2>\t\t\t\t<\/div>\n\t\t<div class=\"elementor-element elementor-element-d9faad1 e-con-full e-flex wpr-particle-no wpr-jarallax-no wpr-parallax-no wpr-sticky-section-no e-con e-child\" data-id=\"d9faad1\" data-element_type=\"container\" data-settings=\"{&quot;background_background&quot;:&quot;slideshow&quot;,&quot;background_slideshow_gallery&quot;:[],&quot;background_slideshow_loop&quot;:&quot;yes&quot;,&quot;background_slideshow_slide_duration&quot;:5000,&quot;background_slideshow_slide_transition&quot;:&quot;fade&quot;,&quot;background_slideshow_transition_duration&quot;:500}\">\n\t\t\t\t<div class=\"elementor-element elementor-element-c501e1d e-n-tabs-mobile elementor-widget elementor-widget-n-tabs\" data-id=\"c501e1d\" data-element_type=\"widget\" data-settings=\"{&quot;tabs_justify_horizontal&quot;:&quot;center&quot;,&quot;horizontal_scroll&quot;:&quot;disable&quot;}\" data-widget_type=\"nested-tabs.default\">\n\t\t\t\t\t\t\t<div class=\"e-n-tabs\" data-widget-number=\"206577181\" aria-label=\"Onglets. Ouvrez des \u00e9l\u00e9ments avec Entrer ou Espace, fermez-les avec Echape et naviguez \u00e0 l&#039;aide des touches fl\u00e9ch\u00e9es.\">\n\t\t\t<div class=\"e-n-tabs-heading\" role=\"tablist\">\n\t\t\t\t\t<button id=\"e-n-tab-title-2065771811\" class=\"e-n-tab-title\" aria-selected=\"true\" data-tab-index=\"1\" role=\"tab\" tabindex=\"0\" aria-controls=\"e-n-tab-content-2065771811\" style=\"--n-tabs-title-order: 1;\">\n\t\t\t\t\t\t<span class=\"e-n-tab-title-text\">\n\t\t\t\tAST Rugby\t\t\t<\/span>\n\t\t<\/button>\n\t\t\t\t<button id=\"e-n-tab-title-2065771812\" class=\"e-n-tab-title\" aria-selected=\"false\" data-tab-index=\"2\" role=\"tab\" tabindex=\"-1\" aria-controls=\"e-n-tab-content-2065771812\" style=\"--n-tabs-title-order: 2;\">\n\t\t\t\t\t\t<span class=\"e-n-tab-title-text\">\n\t\t\t\tStade Toulousain Rugby\t\t\t<\/span>\n\t\t<\/button>\n\t\t\t\t<button id=\"e-n-tab-title-2065771813\" class=\"e-n-tab-title\" aria-selected=\"false\" data-tab-index=\"3\" role=\"tab\" tabindex=\"-1\" aria-controls=\"e-n-tab-content-2065771813\" style=\"--n-tabs-title-order: 3;\">\n\t\t\t\t\t\t<span class=\"e-n-tab-title-text\">\n\t\t\t\tTPR Rugby\t\t\t<\/span>\n\t\t<\/button>\n\t\t\t\t\t<\/div>\n\t\t\t<div class=\"e-n-tabs-content\">\n\t\t\t\t<div id=\"e-n-tab-content-2065771811\" role=\"tabpanel\" aria-labelledby=\"e-n-tab-title-2065771811\" data-tab-index=\"1\" style=\"--n-tabs-title-order: 1;\" class=\"e-active elementor-element elementor-element-7a8b581 e-con-full e-flex wpr-particle-no wpr-jarallax-no wpr-parallax-no wpr-sticky-section-no e-con e-child\" data-id=\"7a8b581\" data-element_type=\"container\">\n\t\t<div class=\"elementor-element elementor-element-27be813 e-flex e-con-boxed wpr-particle-no wpr-jarallax-no wpr-parallax-no wpr-sticky-section-no e-con e-child\" data-id=\"27be813\" data-element_type=\"container\">\n\t\t\t\t\t<div class=\"e-con-inner\">\n\t\t\t\t<div class=\"elementor-element elementor-element-c59a23b elementor-widget elementor-widget-text-editor\" data-id=\"c59a23b\" data-element_type=\"widget\" data-widget_type=\"text-editor.default\">\n\t\t\t\t\t\t\t\t\t<p class=\"isSelectedEnd\"><strong>D\u00e9buts au rugby (3 \u2013 12 ans)<\/strong><\/p><p>\u2022 Premiers pas sur un terrain d\u00e8s 3 ans<br \/>\u2022 Formation compl\u00e8te \u00e0 Tournefeuille<br \/>\u2022 Exp\u00e9rience en tournois et comp\u00e9titions<br \/>\u2022 Premi\u00e8res r\u00e9ussites sportives<br \/>\u2022 Construction des fondamentaux techniques<br \/>\u2022 D\u00e9veloppement du mental et de l\u2019esprit collectif<\/p>\t\t\t\t\t\t\t\t<\/div>\n\t\t\t\t<div class=\"elementor-element elementor-element-1579ce4 elementor-widget elementor-widget-image\" data-id=\"1579ce4\" data-element_type=\"widget\" data-widget_type=\"image.default\">\n\t\t\t\t\t\t\t\t\t\t\t\t\t\t\t<img fetchpriority=\"high\" decoding=\"async\" width=\"679\" height=\"1024\" src=\"https:\/\/techdeco-tarbes.fr\/2025\/SORIANO%20LE%20PARC\/wp-content\/uploads\/2026\/03\/212d31f1-1fb9-4a89-9270-ce44adc8cc41-679x1024.jpg\" class=\"attachment-large size-large wp-image-956\" alt=\"\" srcset=\"https:\/\/techdeco-tarbes.fr\/2025\/SORIANO%20LE%20PARC\/wp-content\/uploads\/2026\/03\/212d31f1-1fb9-4a89-9270-ce44adc8cc41-679x1024.jpg 679w, https:\/\/techdeco-tarbes.fr\/2025\/SORIANO%20LE%20PARC\/wp-content\/uploads\/2026\/03\/212d31f1-1fb9-4a89-9270-ce44adc8cc41-199x300.jpg 199w, https:\/\/techdeco-tarbes.fr\/2025\/SORIANO%20LE%20PARC\/wp-content\/uploads\/2026\/03\/212d31f1-1fb9-4a89-9270-ce44adc8cc41.jpg 709w\" sizes=\"(max-width: 679px) 100vw, 679px\" \/>\t\t\t\t\t\t\t\t\t\t\t\t\t\t\t<\/div>\n\t\t\t\t\t<\/div>\n\t\t\t\t<\/div>\n\t\t\t\t<\/div>\n\t\t<div id=\"e-n-tab-content-2065771812\" role=\"tabpanel\" aria-labelledby=\"e-n-tab-title-2065771812\" data-tab-index=\"2\" style=\"--n-tabs-title-order: 2;\" class=\" elementor-element elementor-element-e53fba6 e-con-full e-flex wpr-particle-no wpr-jarallax-no wpr-parallax-no wpr-sticky-section-no e-con e-child\" data-id=\"e53fba6\" data-element_type=\"container\">\n\t\t<div class=\"elementor-element elementor-element-0246aef e-flex e-con-boxed wpr-particle-no wpr-jarallax-no wpr-parallax-no wpr-sticky-section-no e-con e-child\" data-id=\"0246aef\" data-element_type=\"container\">\n\t\t\t\t\t<div class=\"e-con-inner\">\n\t\t\t\t<div class=\"elementor-element elementor-element-2395e13 elementor-widget__width-initial elementor-widget elementor-widget-text-editor\" data-id=\"2395e13\" data-element_type=\"widget\" data-widget_type=\"text-editor.default\">\n\t\t\t\t\t\t\t\t\t<p class=\"isSelectedEnd\"><strong>Stade Toulousain (12 \u2013 21 ans)<\/strong><\/p><p>\u2022 Formation au sein d\u2019un des clubs les plus exigeants<br \/>\u2022 9 ann\u00e9es d\u2019\u00e9volution \u00e0 haut niveau<br \/>\u2022 4 titres de Champion de France :<br \/>\u2003\u2013 Cadets (x1)<br \/>\u2003\u2013 Crabos (x1)<br \/>\u2003\u2013 Espoirs (x2)<br \/>\u2022 Habitude des matchs \u00e0 enjeu et de la performance<br \/>\u2022 Structuration du jeu et mont\u00e9e en intensit\u00e9 physique<\/p>\t\t\t\t\t\t\t\t<\/div>\n\t\t\t\t<div class=\"elementor-element elementor-element-fc64994 elementor-widget elementor-widget-video\" data-id=\"fc64994\" data-element_type=\"widget\" data-settings=\"{&quot;video_type&quot;:&quot;hosted&quot;,&quot;controls&quot;:&quot;yes&quot;}\" data-widget_type=\"video.default\">\n\t\t\t\t\t\t\t<div class=\"e-hosted-video elementor-wrapper elementor-open-inline\">\n\t\t\t\t\t<video class=\"elementor-video\" src=\"https:\/\/techdeco-tarbes.fr\/2025\/SORIANO%20LE%20PARC\/wp-content\/uploads\/2026\/03\/copy_EEB8FAB2-8270-47AA-92C4-CDB2FD803AC2-2.mov\" controls=\"\" preload=\"metadata\" controlsList=\"nodownload\"><\/video>\n\t\t\t\t<\/div>\n\t\t\t\t\t\t<\/div>\n\t\t\t\t\t<\/div>\n\t\t\t\t<\/div>\n\t\t\t\t<\/div>\n\t\t<div id=\"e-n-tab-content-2065771813\" role=\"tabpanel\" aria-labelledby=\"e-n-tab-title-2065771813\" data-tab-index=\"3\" style=\"--n-tabs-title-order: 3;\" class=\" elementor-element elementor-element-5f4e4a4 e-con-full e-flex wpr-particle-no wpr-jarallax-no wpr-parallax-no wpr-sticky-section-no e-con e-child\" data-id=\"5f4e4a4\" data-element_type=\"container\">\n\t\t<div class=\"elementor-element elementor-element-6a2baa9 e-flex e-con-boxed wpr-particle-no wpr-jarallax-no wpr-parallax-no wpr-sticky-section-no e-con e-child\" data-id=\"6a2baa9\" data-element_type=\"container\">\n\t\t\t\t\t<div class=\"e-con-inner\">\n\t\t\t\t<div class=\"elementor-element elementor-element-3e92e1d elementor-widget__width-initial elementor-widget elementor-widget-text-editor\" data-id=\"3e92e1d\" data-element_type=\"widget\" data-widget_type=\"text-editor.default\">\n\t\t\t\t\t\t\t\t\t<p class=\"isSelectedEnd\"><strong>Stado Tarbes Pyr\u00e9n\u00e9es Rugby (21-22 ans)<\/strong><\/p><p>\u2022 Passage au niveau senior au Stado TPR<br \/>\u2022 9 matchs jou\u00e9s en National 1<br \/>\u2022 Premi\u00e8res exp\u00e9riences dans un championnat exigeant<br \/>\u2022 Adaptation rapide au rythme et \u00e0 l\u2019impact physique<br \/>\u2022 Confrontation \u00e0 des joueurs exp\u00e9riment\u00e9s<br \/>\u2022 Objectif : s\u2019imposer durablement \u00e0 ce niveau<\/p>\t\t\t\t\t\t\t\t<\/div>\n\t\t\t\t<div class=\"elementor-element elementor-element-0f26000 elementor-widget elementor-widget-video\" data-id=\"0f26000\" data-element_type=\"widget\" data-settings=\"{&quot;video_type&quot;:&quot;hosted&quot;,&quot;controls&quot;:&quot;yes&quot;}\" data-widget_type=\"video.default\">\n\t\t\t\t\t\t\t<div class=\"e-hosted-video elementor-wrapper elementor-open-inline\">\n\t\t\t\t\t<video class=\"elementor-video\" src=\"https:\/\/techdeco-tarbes.fr\/2025\/SORIANO%20LE%20PARC\/wp-content\/uploads\/2026\/03\/copy_A471F8C0-9DCC-4E7C-9F74-5575B6234168-3.mov\" controls=\"\" preload=\"metadata\" controlsList=\"nodownload\"><\/video>\n\t\t\t\t<\/div>\n\t\t\t\t\t\t<\/div>\n\t\t\t\t\t<\/div>\n\t\t\t\t<\/div>\n\t\t\t\t<\/div>\n\t\t\t\t\t<\/div>\n\t\t<\/div>\n\t\t\t\t\t\t<\/div>\n\t\t\t\t<\/div>\n\t\t\t\t\t<\/div>\n\t\t\t\t<\/div>\n\t\t<div class=\"elementor-element elementor-element-7aa5483 e-con-full e-flex wpr-particle-no wpr-jarallax-no wpr-parallax-no wpr-sticky-section-no e-con e-parent\" data-id=\"7aa5483\" data-element_type=\"container\" data-settings=\"{&quot;background_background&quot;:&quot;slideshow&quot;,&quot;background_slideshow_gallery&quot;:[{&quot;id&quot;:835,&quot;url&quot;:&quot;https:\\\/\\\/techdeco-tarbes.fr\\\/2025\\\/SORIANO%20LE%20PARC\\\/wp-content\\\/uploads\\\/2026\\\/03\\\/IMG_9533.jpg&quot;}],&quot;background_slideshow_loop&quot;:&quot;yes&quot;,&quot;background_slideshow_slide_duration&quot;:5000,&quot;background_slideshow_slide_transition&quot;:&quot;fade&quot;,&quot;background_slideshow_transition_duration&quot;:500}\">\n\t\t\t\t<div class=\"elementor-element elementor-element-e3103f7 elementor-arrows-position-inside elementor-pagination-position-outside elementor-widget elementor-widget-image-carousel\" data-id=\"e3103f7\" data-element_type=\"widget\" data-settings=\"{&quot;navigation&quot;:&quot;both&quot;,&quot;autoplay&quot;:&quot;yes&quot;,&quot;pause_on_hover&quot;:&quot;yes&quot;,&quot;pause_on_interaction&quot;:&quot;yes&quot;,&quot;autoplay_speed&quot;:5000,&quot;infinite&quot;:&quot;yes&quot;,&quot;speed&quot;:500}\" data-widget_type=\"image-carousel.default\">\n\t\t\t\t\t\t\t<div class=\"elementor-image-carousel-wrapper swiper\" role=\"region\" aria-roledescription=\"carousel\" aria-label=\"Carrousel d\u2019images\" dir=\"ltr\">\n\t\t\t<div class=\"elementor-image-carousel swiper-wrapper swiper-image-stretch\" aria-live=\"off\">\n\t\t\t\t\t\t\t\t<div class=\"swiper-slide\" role=\"group\" aria-roledescription=\"slide\" aria-label=\"1 sur 17\"><figure class=\"swiper-slide-inner\"><img decoding=\"async\" class=\"swiper-slide-image\" src=\"https:\/\/techdeco-tarbes.fr\/2025\/SORIANO%20LE%20PARC\/wp-content\/uploads\/2026\/03\/212d31f1-1fb9-4a89-9270-ce44adc8cc41.jpg\" alt=\"212d31f1-1fb9-4a89-9270-ce44adc8cc41\" \/><\/figure><\/div><div class=\"swiper-slide\" role=\"group\" aria-roledescription=\"slide\" aria-label=\"2 sur 17\"><figure class=\"swiper-slide-inner\"><img decoding=\"async\" class=\"swiper-slide-image\" src=\"https:\/\/techdeco-tarbes.fr\/2025\/SORIANO%20LE%20PARC\/wp-content\/uploads\/2026\/03\/727.jpeg\" alt=\"727\" \/><\/figure><\/div><div class=\"swiper-slide\" role=\"group\" aria-roledescription=\"slide\" aria-label=\"3 sur 17\"><figure class=\"swiper-slide-inner\"><img decoding=\"async\" class=\"swiper-slide-image\" src=\"https:\/\/techdeco-tarbes.fr\/2025\/SORIANO%20LE%20PARC\/wp-content\/uploads\/2026\/03\/810.jpg\" alt=\"810\" \/><\/figure><\/div><div class=\"swiper-slide\" role=\"group\" aria-roledescription=\"slide\" aria-label=\"4 sur 17\"><figure class=\"swiper-slide-inner\"><img decoding=\"async\" class=\"swiper-slide-image\" src=\"https:\/\/techdeco-tarbes.fr\/2025\/SORIANO%20LE%20PARC\/wp-content\/uploads\/2026\/03\/870-scaled.jpeg\" alt=\"870\" \/><\/figure><\/div><div class=\"swiper-slide\" role=\"group\" aria-roledescription=\"slide\" aria-label=\"5 sur 17\"><figure class=\"swiper-slide-inner\"><img decoding=\"async\" class=\"swiper-slide-image\" src=\"https:\/\/techdeco-tarbes.fr\/2025\/SORIANO%20LE%20PARC\/wp-content\/uploads\/2026\/03\/2069.jpeg\" alt=\"2069\" \/><\/figure><\/div><div class=\"swiper-slide\" role=\"group\" aria-roledescription=\"slide\" aria-label=\"6 sur 17\"><figure class=\"swiper-slide-inner\"><img decoding=\"async\" class=\"swiper-slide-image\" src=\"https:\/\/techdeco-tarbes.fr\/2025\/SORIANO%20LE%20PARC\/wp-content\/uploads\/2026\/03\/3008-scaled.jpeg\" alt=\"3008\" \/><\/figure><\/div><div class=\"swiper-slide\" role=\"group\" aria-roledescription=\"slide\" aria-label=\"7 sur 17\"><figure class=\"swiper-slide-inner\"><img decoding=\"async\" class=\"swiper-slide-image\" src=\"https:\/\/techdeco-tarbes.fr\/2025\/SORIANO%20LE%20PARC\/wp-content\/uploads\/2026\/03\/3010-scaled.jpeg\" alt=\"3010\" \/><\/figure><\/div><div class=\"swiper-slide\" role=\"group\" aria-roledescription=\"slide\" aria-label=\"8 sur 17\"><figure class=\"swiper-slide-inner\"><img decoding=\"async\" class=\"swiper-slide-image\" src=\"https:\/\/techdeco-tarbes.fr\/2025\/SORIANO%20LE%20PARC\/wp-content\/uploads\/2026\/03\/c24700ed-b82b-4796-9f4b-f73f988634ca.jpg\" alt=\"c24700ed-b82b-4796-9f4b-f73f988634ca\" \/><\/figure><\/div><div class=\"swiper-slide\" role=\"group\" aria-roledescription=\"slide\" aria-label=\"9 sur 17\"><figure class=\"swiper-slide-inner\"><img decoding=\"async\" class=\"swiper-slide-image\" src=\"https:\/\/techdeco-tarbes.fr\/2025\/SORIANO%20LE%20PARC\/wp-content\/uploads\/2026\/03\/DUF03442.jpeg\" alt=\"DUF03442\" \/><\/figure><\/div><div class=\"swiper-slide\" role=\"group\" aria-roledescription=\"slide\" aria-label=\"10 sur 17\"><figure class=\"swiper-slide-inner\"><img decoding=\"async\" class=\"swiper-slide-image\" src=\"https:\/\/techdeco-tarbes.fr\/2025\/SORIANO%20LE%20PARC\/wp-content\/uploads\/2026\/03\/IMG_2186_Original-scaled.jpg\" alt=\"IMG_2186_Original\" \/><\/figure><\/div><div class=\"swiper-slide\" role=\"group\" aria-roledescription=\"slide\" aria-label=\"11 sur 17\"><figure class=\"swiper-slide-inner\"><img decoding=\"async\" class=\"swiper-slide-image\" src=\"https:\/\/techdeco-tarbes.fr\/2025\/SORIANO%20LE%20PARC\/wp-content\/uploads\/2026\/03\/IMG_2466.jpg\" alt=\"Screenshot\" \/><\/figure><\/div><div class=\"swiper-slide\" role=\"group\" aria-roledescription=\"slide\" aria-label=\"12 sur 17\"><figure class=\"swiper-slide-inner\"><img decoding=\"async\" class=\"swiper-slide-image\" src=\"https:\/\/techdeco-tarbes.fr\/2025\/SORIANO%20LE%20PARC\/wp-content\/uploads\/2026\/03\/IMG_3159.jpg\" alt=\"IMG_3159\" \/><\/figure><\/div><div class=\"swiper-slide\" role=\"group\" aria-roledescription=\"slide\" aria-label=\"13 sur 17\"><figure class=\"swiper-slide-inner\"><img decoding=\"async\" class=\"swiper-slide-image\" src=\"https:\/\/techdeco-tarbes.fr\/2025\/SORIANO%20LE%20PARC\/wp-content\/uploads\/2026\/03\/IMG_3238.jpg\" alt=\"IMG_3238\" \/><\/figure><\/div><div class=\"swiper-slide\" role=\"group\" aria-roledescription=\"slide\" aria-label=\"14 sur 17\"><figure class=\"swiper-slide-inner\"><img decoding=\"async\" class=\"swiper-slide-image\" src=\"https:\/\/techdeco-tarbes.fr\/2025\/SORIANO%20LE%20PARC\/wp-content\/uploads\/2026\/03\/IMG_3590.jpg\" alt=\"IMG_3590\" \/><\/figure><\/div><div class=\"swiper-slide\" role=\"group\" aria-roledescription=\"slide\" aria-label=\"15 sur 17\"><figure class=\"swiper-slide-inner\"><img decoding=\"async\" class=\"swiper-slide-image\" src=\"https:\/\/techdeco-tarbes.fr\/2025\/SORIANO%20LE%20PARC\/wp-content\/uploads\/2026\/03\/IMG_3670.jpg\" alt=\"IMG_3670\" \/><\/figure><\/div><div class=\"swiper-slide\" role=\"group\" aria-roledescription=\"slide\" aria-label=\"16 sur 17\"><figure class=\"swiper-slide-inner\"><img decoding=\"async\" class=\"swiper-slide-image\" src=\"https:\/\/techdeco-tarbes.fr\/2025\/SORIANO%20LE%20PARC\/wp-content\/uploads\/2026\/03\/IMG_6094.jpg\" alt=\"IMG_6094\" \/><\/figure><\/div><div class=\"swiper-slide\" role=\"group\" aria-roledescription=\"slide\" aria-label=\"17 sur 17\"><figure class=\"swiper-slide-inner\"><img decoding=\"async\" class=\"swiper-slide-image\" src=\"https:\/\/techdeco-tarbes.fr\/2025\/SORIANO%20LE%20PARC\/wp-content\/uploads\/2026\/03\/IMG_3591.jpg\" alt=\"IMG_3591\" \/><\/figure><\/div>\t\t\t<\/div>\n\t\t\t\t\t\t\t\t\t\t\t\t<div class=\"elementor-swiper-button elementor-swiper-button-prev\" role=\"button\" tabindex=\"0\">\n\t\t\t\t\t\t<svg aria-hidden=\"true\" class=\"e-font-icon-svg e-eicon-chevron-left\" viewBox=\"0 0 1000 1000\" xmlns=\"http:\/\/www.w3.org\/2000\/svg\"><path d=\"M646 125C629 125 613 133 604 142L308 442C296 454 292 471 292 487 292 504 296 521 308 533L604 854C617 867 629 875 646 875 663 875 679 871 692 858 704 846 713 829 713 812 713 796 708 779 692 767L438 487 692 225C700 217 708 204 708 187 708 171 704 154 692 142 675 129 663 125 646 125Z\"><\/path><\/svg>\t\t\t\t\t<\/div>\n\t\t\t\t\t<div class=\"elementor-swiper-button elementor-swiper-button-next\" role=\"button\" tabindex=\"0\">\n\t\t\t\t\t\t<svg aria-hidden=\"true\" class=\"e-font-icon-svg e-eicon-chevron-right\" viewBox=\"0 0 1000 1000\" xmlns=\"http:\/\/www.w3.org\/2000\/svg\"><path d=\"M696 533C708 521 713 504 713 487 713 471 708 454 696 446L400 146C388 133 375 125 354 125 338 125 325 129 313 142 300 154 292 171 292 187 292 204 296 221 308 233L563 492 304 771C292 783 288 800 288 817 288 833 296 850 308 863 321 871 338 875 354 875 371 875 388 867 400 854L696 533Z\"><\/path><\/svg>\t\t\t\t\t<\/div>\n\t\t\t\t\n\t\t\t\t\t\t\t\t\t<div class=\"swiper-pagination\"><\/div>\n\t\t\t\t\t\t\t\t\t<\/div>\n\t\t\t\t\t\t<\/div>\n\t\t\t\t<\/div>\n\t\t\t\t<\/div>\n\t\t","protected":false},"excerpt":{"rendered":"<p>RUGBY Le rugby est au c\u0153ur de mon d\u00e9veloppement personnelIl m\u2019a appris la rigueur, le d\u00e9passement de soi et le travail en \u00e9quipe. Mon parcours rugby AST Rugby Stade Toulousain Rugby TPR Rugby D\u00e9buts au rugby (3 \u2013 12 ans) \u2022 Premiers pas sur un terrain d\u00e8s 3 ans\u2022 Formation compl\u00e8te \u00e0 Tournefeuille\u2022 Exp\u00e9rience en tournois et comp\u00e9titions\u2022 Premi\u00e8res r\u00e9ussites sportives\u2022 Construction des fondamentaux techniques\u2022 D\u00e9veloppement du mental et de l\u2019esprit collectif Stade Toulousain (12 \u2013 21 ans) \u2022 Formation au sein d\u2019un des clubs les plus exigeants\u2022 9 ann\u00e9es d\u2019\u00e9volution \u00e0 haut niveau\u2022 4 titres de Champion de France :\u2003\u2013 Cadets (x1)\u2003\u2013 Crabos (x1)\u2003\u2013 Espoirs (x2)\u2022 Habitude des matchs \u00e0 enjeu et de la performance\u2022 Structuration du jeu et mont\u00e9e en intensit\u00e9 physique Stado Tarbes Pyr\u00e9n\u00e9es Rugby (21-22 ans) \u2022 Passage au niveau senior au Stado TPR\u2022 9 matchs jou\u00e9s en National 1\u2022 Premi\u00e8res exp\u00e9riences dans un championnat exigeant\u2022 Adaptation rapide au rythme et \u00e0 l\u2019impact physique\u2022 Confrontation \u00e0 des joueurs exp\u00e9riment\u00e9s\u2022 Objectif : s\u2019imposer durablement \u00e0 ce niveau D\u00e9buts au rugby (3 \u2013 12 ans) \u2022 Premiers pas sur un terrain d\u00e8s 3 ans\u2022 Formation compl\u00e8te \u00e0 Tournefeuille\u2022 Exp\u00e9rience en tournois et comp\u00e9titions\u2022 Premi\u00e8res r\u00e9ussites sportives\u2022 Construction des fondamentaux techniques\u2022 D\u00e9veloppement du mental et de l\u2019esprit collectif Stade Toulousain (12 \u2013 21 ans) \u2022 Formation au sein d\u2019un des clubs les plus exigeants\u2022 9 ann\u00e9es d\u2019\u00e9volution \u00e0 haut niveau\u2022 4 titres de Champion de France :\u2003\u2013 Cadets (x1)\u2003\u2013 Crabos (x1)\u2003\u2013 Espoirs (x2)\u2022 Habitude des matchs \u00e0 enjeu et de la performance\u2022 Structuration du jeu et mont\u00e9e en intensit\u00e9 physique https:\/\/techdeco-tarbes.fr\/2025\/SORIANO%20LE%20PARC\/wp-content\/uploads\/2026\/03\/copy_EEB8FAB2-8270-47AA-92C4-CDB2FD803AC2-2.mov Stado Tarbes Pyr\u00e9n\u00e9es Rugby (21-22 ans) \u2022 Passage au niveau senior au Stado TPR\u2022 9 matchs jou\u00e9s en National 1\u2022 Premi\u00e8res exp\u00e9riences dans un championnat exigeant\u2022 Adaptation rapide au rythme et \u00e0 l\u2019impact physique\u2022 Confrontation \u00e0 des joueurs exp\u00e9riment\u00e9s\u2022 Objectif : s\u2019imposer durablement \u00e0 ce niveau https:\/\/techdeco-tarbes.fr\/2025\/SORIANO%20LE%20PARC\/wp-content\/uploads\/2026\/03\/copy_A471F8C0-9DCC-4E7C-9F74-5575B6234168-3.mov<\/p>\n","protected":false},"author":1,"featured_media":0,"parent":0,"menu_order":0,"comment_status":"closed","ping_status":"closed","template":"","meta":{"footnotes":""},"class_list":["post-818","page","type-page","status-publish","hentry"],"_links":{"self":[{"href":"https:\/\/techdeco-tarbes.fr\/2025\/SORIANO%20LE%20PARC\/index.php\/wp-json\/wp\/v2\/pages\/818","targetHints":{"allow":["GET"]}}],"collection":[{"href":"https:\/\/techdeco-tarbes.fr\/2025\/SORIANO%20LE%20PARC\/index.php\/wp-json\/wp\/v2\/pages"}],"about":[{"href":"https:\/\/techdeco-tarbes.fr\/2025\/SORIANO%20LE%20PARC\/index.php\/wp-json\/wp\/v2\/types\/page"}],"author":[{"embeddable":true,"href":"https:\/\/techdeco-tarbes.fr\/2025\/SORIANO%20LE%20PARC\/index.php\/wp-json\/wp\/v2\/users\/1"}],"replies":[{"embeddable":true,"href":"https:\/\/techdeco-tarbes.fr\/2025\/SORIANO%20LE%20PARC\/index.php\/wp-json\/wp\/v2\/comments?post=818"}],"version-history":[{"count":124,"href":"https:\/\/techdeco-tarbes.fr\/2025\/SORIANO%20LE%20PARC\/index.php\/wp-json\/wp\/v2\/pages\/818\/revisions"}],"predecessor-version":[{"id":1427,"href":"https:\/\/techdeco-tarbes.fr\/2025\/SORIANO%20LE%20PARC\/index.php\/wp-json\/wp\/v2\/pages\/818\/revisions\/1427"}],"wp:attachment":[{"href":"https:\/\/techdeco-tarbes.fr\/2025\/SORIANO%20LE%20PARC\/index.php\/wp-json\/wp\/v2\/media?parent=818"}],"curies":[{"name":"wp","href":"https:\/\/api.w.org\/{rel}","templated":true}]}}